{"id":459,"date":"2024-03-12T14:44:01","date_gmt":"2024-03-12T13:44:01","guid":{"rendered":"https:\/\/digicardstool.eu\/imprint\/"},"modified":"2024-03-12T14:55:49","modified_gmt":"2024-03-12T13:55:49","slug":"imprint","status":"publish","type":"page","link":"https:\/\/digicardstool.eu\/de\/imprint\/","title":{"rendered":"Impressum"},"content":{"rendered":"\t\t<div data-elementor-type=\"wp-page\" data-elementor-id=\"459\" class=\"elementor elementor-459 elementor-452\" data-elementor-post-type=\"page\">\n\t\t\t\t<div class=\"elementor-element elementor-element-4ebe2fc e-flex e-con-boxed e-con e-parent\" data-id=\"4ebe2fc\" data-element_type=\"container\">\n\t\t\t\t\t<div class=\"e-con-inner\">\n\t\t\t\t<div class=\"elementor-element elementor-element-fa1a9b8 elementor-widget elementor-widget-heading\" data-id=\"fa1a9b8\" data-element_type=\"widget\" data-widget_type=\"heading.default\">\n\t\t\t\t<div class=\"elementor-widget-container\">\n\t\t\t<style>\/*! elementor - v3.23.0 - 05-08-2024 *\/\n.elementor-heading-title{padding:0;margin:0;line-height:1}.elementor-widget-heading .elementor-heading-title[class*=elementor-size-]>a{color:inherit;font-size:inherit;line-height:inherit}.elementor-widget-heading .elementor-heading-title.elementor-size-small{font-size:15px}.elementor-widget-heading .elementor-heading-title.elementor-size-medium{font-size:19px}.elementor-widget-heading .elementor-heading-title.elementor-size-large{font-size:29px}.elementor-widget-heading .elementor-heading-title.elementor-size-xl{font-size:39px}.elementor-widget-heading .elementor-heading-title.elementor-size-xxl{font-size:59px}<\/style><h1 class=\"elementor-heading-title elementor-size-default\">Impressum<\/h1>\t\t<\/div>\n\t\t\t\t<\/div>\n\t\t\t\t<div class=\"elementor-element elementor-element-abfac1d elementor-widget elementor-widget-text-editor\" data-id=\"abfac1d\" data-element_type=\"widget\" data-widget_type=\"text-editor.default\">\n\t\t\t\t<div class=\"elementor-widget-container\">\n\t\t\t<style>\/*! elementor - v3.23.0 - 05-08-2024 *\/\n.elementor-widget-text-editor.elementor-drop-cap-view-stacked .elementor-drop-cap{background-color:#69727d;color:#fff}.elementor-widget-text-editor.elementor-drop-cap-view-framed .elementor-drop-cap{color:#69727d;border:3px solid;background-color:transparent}.elementor-widget-text-editor:not(.elementor-drop-cap-view-default) .elementor-drop-cap{margin-top:8px}.elementor-widget-text-editor:not(.elementor-drop-cap-view-default) .elementor-drop-cap-letter{width:1em;height:1em}.elementor-widget-text-editor .elementor-drop-cap{float:left;text-align:center;line-height:1;font-size:50px}.elementor-widget-text-editor .elementor-drop-cap-letter{display:inline-block}<\/style>\t\t\t\t<div class=\"elementor-element elementor-element-f61b698 elementor-widget elementor-widget-text-editor\" data-id=\"f61b698\" data-element_type=\"widget\" data-widget_type=\"text-editor.default\"><div class=\"elementor-widget-container\"><div class=\"elementor-text-editor elementor-clearfix\"><div class=\"elementor-element elementor-element-f61b698 elementor-widget elementor-widget-text-editor\" data-id=\"f61b698\" data-element_type=\"widget\" data-widget_type=\"text-editor.default\"><div class=\"elementor-widget-container\"><div class=\"elementor-text-editor elementor-clearfix\"><p><strong>KARBON Consulting GmbH<br \/><\/strong>Gesch\u00e4ftsf\u00fchrung: Sonja Karbon<\/p><p>Emmat 370<br \/>6105 Leutasch<br \/>Firmenbuchnr. FN 569227z<br \/>Handelsgericht Innsbruck<\/p><p>UID Nr. ATU77516323<\/p><p>Unternehmensgegenstand: Unternehmensberatung<\/p><p>E-Mail: <a href=\"mailto:info@karbon-consulting.eu\">info@karbon-consulting.eu<\/a><br \/>Tel.: <a href=\"tel:00436502765216\">+43 650 276 52 16<\/a><\/p><p>Verantwortlich f\u00fcr den Inhalt: Sonja Karbon<br \/>Konzeption, Design und Umsetzung der Website: bFlow Webdesign &amp; Online Marketing Tirol<\/p><h2>Disclaimer<\/h2><h3>Haftung f\u00fcr Inhalte<\/h3><p>Als Diensteanbieter sind wir f\u00fcr eigene Inhalte auf diesen Seiten nach den allgemeinen Gesetzen verantwortlich. Wir sind als Diensteanbieter jedoch nicht verpflichtet, \u00fcbermittelte oder gespeicherte fremde Informationen zu \u00fcberwachen oder nach Umst\u00e4nden zu forschen, die auf eine rechtswidrige T\u00e4tigkeit hinweisen.<br \/>Verpflichtungen zur Entfernung oder Sperrung der Nutzung von Informationen nach den allgemeinen Gesetzen bleiben hiervon unber\u00fchrt. Eine diesbez\u00fcgliche Haftung ist jedoch erst ab dem Zeitpunkt der Kenntnis einer konkreten Rechtsverletzung m\u00f6glich. Bei Bekanntwerden von entsprechenden Rechtsverletzungen werden wir diese Inhalte umgehend entfernen.<\/p><h3>Haftung f\u00fcr Links<\/h3><p>Unser Angebot enth\u00e4lt Links zu externen Websites Dritter, auf deren Inhalte wir keinen Einfluss haben. Deshalb k\u00f6nnen wir f\u00fcr diese fremden Inhalte auch keine Gew\u00e4hr \u00fcbernehmen. F\u00fcr die Inhalte der verlinkten Seiten ist stets der jeweilige Anbieter oder Betreiber der Seiten verantwortlich. Die verlinkten Seiten wurden zum Zeitpunkt der Verlinkung auf m\u00f6gliche Rechtsverst\u00f6\u00dfe \u00fcberpr\u00fcft. Rechtswidrige Inhalte waren zum Zeitpunkt der Verlinkung nicht erkennbar.<br \/>Eine permanente inhaltliche Kontrolle der verlinkten Seiten ist jedoch ohne konkrete Anhaltspunkte einer Rechtsverletzung nicht zumutbar. Bei Bekanntwerden von Rechtsverletzungen werden wir derartige Links umgehend entfernen.<\/p><h2>Urheberrecht<\/h2><p>Die durch die Seitenbetreiber erstellten Inhalte und Werke auf diesen Seiten unterliegen dem \u00f6sterreichischen Urheberrecht. Die Vervielf\u00e4ltigung, Bearbeitung, Verbreitung und jede Art der Verwertung au\u00dferhalb der Grenzen des Urheberrechtes bed\u00fcrfen der schriftlichen Zustimmung des jeweiligen Autors bzw. Erstellers. Downloads und Kopien dieser Seite sind nur f\u00fcr den privaten, nicht kommerziellen Gebrauch gestattet.<br \/>Soweit die Inhalte auf dieser Seite nicht vom Betreiber erstellt wurden, werden die Urheberrechte Dritter beachtet. Insbesondere werden Inhalte Dritter als solche gekennzeichnet. Sollten Sie trotzdem auf eine Urheberrechtsverletzung aufmerksam werden, bitten wir um einen entsprechenden Hinweis. Bei Bekanntwerden von Rechtsverletzungen werden wir derartige Inhalte umgehend entfernen.<\/p><\/div><\/div><\/div><\/div><\/div><\/div>\t\t\t\t\t\t<\/div>\n\t\t\t\t<\/div>\n\t\t\t\t\t<\/div>\n\t\t\t\t<\/div>\n\t\t\t\t<\/div>\n\t\t","protected":false},"excerpt":{"rendered":"<p>Impressum KARBON Consulting GmbHGesch\u00e4ftsf\u00fchrung: Sonja Karbon Emmat 3706105 LeutaschFirmenbuchnr. FN 569227zHandelsgericht Innsbruck UID Nr. ATU77516323 Unternehmensgegenstand: Unternehmensberatung E-Mail: info@karbon-consulting.euTel.: +43 650 276 52 16 Verantwortlich f\u00fcr den Inhalt: Sonja KarbonKonzeption, Design und Umsetzung der Website: bFlow Webdesign &amp; Online Marketing Tirol Disclaimer Haftung f\u00fcr Inhalte Als Diensteanbieter sind wir f\u00fcr eigene Inhalte auf diesen Seiten [&hellip;]<\/p>\n","protected":false},"author":1,"featured_media":0,"parent":0,"menu_order":0,"comment_status":"closed","ping_status":"closed","template":"","meta":{"footnotes":""},"class_list":["post-459","page","type-page","status-publish","hentry"],"yoast_head":"<!-- This site is optimized with the Yoast SEO plugin v23.2 - https:\/\/yoast.com\/wordpress\/plugins\/seo\/ -->\n<title>Impressum - DigiCards Tool<\/title>\n<meta name=\"robots\" content=\"index, follow, max-snippet:-1, max-image-preview:large, max-video-preview:-1\" \/>\n<link rel=\"canonical\" href=\"https:\/\/digicardstool.eu\/de\/imprint\/\" \/>\n<meta property=\"og:locale\" content=\"de_DE\" \/>\n<meta property=\"og:type\" content=\"article\" \/>\n<meta property=\"og:title\" content=\"Impressum - DigiCards Tool\" \/>\n<meta property=\"og:description\" content=\"Impressum KARBON Consulting GmbHGesch\u00e4ftsf\u00fchrung: Sonja Karbon Emmat 3706105 LeutaschFirmenbuchnr. FN 569227zHandelsgericht Innsbruck UID Nr. ATU77516323 Unternehmensgegenstand: Unternehmensberatung E-Mail: info@karbon-consulting.euTel.: +43 650 276 52 16 Verantwortlich f\u00fcr den Inhalt: Sonja KarbonKonzeption, Design und Umsetzung der Website: bFlow Webdesign &amp; Online Marketing Tirol Disclaimer Haftung f\u00fcr Inhalte Als Diensteanbieter sind wir f\u00fcr eigene Inhalte auf diesen Seiten [&hellip;]\" \/>\n<meta property=\"og:url\" content=\"https:\/\/digicardstool.eu\/de\/imprint\/\" \/>\n<meta property=\"og:site_name\" content=\"DigiCards Tool\" \/>\n<meta property=\"article:modified_time\" content=\"2024-03-12T13:55:49+00:00\" \/>\n<meta name=\"twitter:card\" content=\"summary_large_image\" \/>\n<meta name=\"twitter:label1\" content=\"Gesch\u00e4tzte Lesezeit\" \/>\n\t<meta name=\"twitter:data1\" content=\"6 Minuten\" \/>\n<script type=\"application\/ld+json\" class=\"yoast-schema-graph\">{\"@context\":\"https:\/\/schema.org\",\"@graph\":[{\"@type\":\"WebPage\",\"@id\":\"https:\/\/digicardstool.eu\/de\/imprint\/\",\"url\":\"https:\/\/digicardstool.eu\/de\/imprint\/\",\"name\":\"Impressum - DigiCards Tool\",\"isPartOf\":{\"@id\":\"https:\/\/digicardstool.eu\/de\/#website\"},\"datePublished\":\"2024-03-12T13:44:01+00:00\",\"dateModified\":\"2024-03-12T13:55:49+00:00\",\"breadcrumb\":{\"@id\":\"https:\/\/digicardstool.eu\/de\/imprint\/#breadcrumb\"},\"inLanguage\":\"de-DE\",\"potentialAction\":[{\"@type\":\"ReadAction\",\"target\":[\"https:\/\/digicardstool.eu\/de\/imprint\/\"]}]},{\"@type\":\"BreadcrumbList\",\"@id\":\"https:\/\/digicardstool.eu\/de\/imprint\/#breadcrumb\",\"itemListElement\":[{\"@type\":\"ListItem\",\"position\":1,\"name\":\"Home\",\"item\":\"https:\/\/digicardstool.eu\/de\/\"},{\"@type\":\"ListItem\",\"position\":2,\"name\":\"Impressum\"}]},{\"@type\":\"WebSite\",\"@id\":\"https:\/\/digicardstool.eu\/de\/#website\",\"url\":\"https:\/\/digicardstool.eu\/de\/\",\"name\":\"DigiCards Tool\",\"description\":\"\",\"publisher\":{\"@id\":\"https:\/\/digicardstool.eu\/de\/#organization\"},\"potentialAction\":[{\"@type\":\"SearchAction\",\"target\":{\"@type\":\"EntryPoint\",\"urlTemplate\":\"https:\/\/digicardstool.eu\/de\/?s={search_term_string}\"},\"query-input\":\"required name=search_term_string\"}],\"inLanguage\":\"de-DE\"},{\"@type\":\"Organization\",\"@id\":\"https:\/\/digicardstool.eu\/de\/#organization\",\"name\":\"DigiCards Tool\",\"url\":\"https:\/\/digicardstool.eu\/de\/\",\"logo\":{\"@type\":\"ImageObject\",\"inLanguage\":\"de-DE\",\"@id\":\"https:\/\/digicardstool.eu\/de\/#\/schema\/logo\/image\/\",\"url\":\"https:\/\/digicardstool.eu\/wp-content\/uploads\/2024\/02\/DigiCards-Logo_Logo-Farbe.png\",\"contentUrl\":\"https:\/\/digicardstool.eu\/wp-content\/uploads\/2024\/02\/DigiCards-Logo_Logo-Farbe.png\",\"width\":3209,\"height\":1250,\"caption\":\"DigiCards Tool\"},\"image\":{\"@id\":\"https:\/\/digicardstool.eu\/de\/#\/schema\/logo\/image\/\"}}]}<\/script>\n<!-- \/ Yoast SEO plugin. -->","yoast_head_json":{"title":"Impressum - DigiCards Tool","robots":{"index":"index","follow":"follow","max-snippet":"max-snippet:-1","max-image-preview":"max-image-preview:large","max-video-preview":"max-video-preview:-1"},"canonical":"https:\/\/digicardstool.eu\/de\/imprint\/","og_locale":"de_DE","og_type":"article","og_title":"Impressum - DigiCards Tool","og_description":"Impressum KARBON Consulting GmbHGesch\u00e4ftsf\u00fchrung: Sonja Karbon Emmat 3706105 LeutaschFirmenbuchnr. FN 569227zHandelsgericht Innsbruck UID Nr. ATU77516323 Unternehmensgegenstand: Unternehmensberatung E-Mail: info@karbon-consulting.euTel.: +43 650 276 52 16 Verantwortlich f\u00fcr den Inhalt: Sonja KarbonKonzeption, Design und Umsetzung der Website: bFlow Webdesign &amp; Online Marketing Tirol Disclaimer Haftung f\u00fcr Inhalte Als Diensteanbieter sind wir f\u00fcr eigene Inhalte auf diesen Seiten [&hellip;]","og_url":"https:\/\/digicardstool.eu\/de\/imprint\/","og_site_name":"DigiCards Tool","article_modified_time":"2024-03-12T13:55:49+00:00","twitter_card":"summary_large_image","twitter_misc":{"Gesch\u00e4tzte Lesezeit":"6 Minuten"},"schema":{"@context":"https:\/\/schema.org","@graph":[{"@type":"WebPage","@id":"https:\/\/digicardstool.eu\/de\/imprint\/","url":"https:\/\/digicardstool.eu\/de\/imprint\/","name":"Impressum - DigiCards Tool","isPartOf":{"@id":"https:\/\/digicardstool.eu\/de\/#website"},"datePublished":"2024-03-12T13:44:01+00:00","dateModified":"2024-03-12T13:55:49+00:00","breadcrumb":{"@id":"https:\/\/digicardstool.eu\/de\/imprint\/#breadcrumb"},"inLanguage":"de-DE","potentialAction":[{"@type":"ReadAction","target":["https:\/\/digicardstool.eu\/de\/imprint\/"]}]},{"@type":"BreadcrumbList","@id":"https:\/\/digicardstool.eu\/de\/imprint\/#breadcrumb","itemListElement":[{"@type":"ListItem","position":1,"name":"Home","item":"https:\/\/digicardstool.eu\/de\/"},{"@type":"ListItem","position":2,"name":"Impressum"}]},{"@type":"WebSite","@id":"https:\/\/digicardstool.eu\/de\/#website","url":"https:\/\/digicardstool.eu\/de\/","name":"DigiCards Tool","description":"","publisher":{"@id":"https:\/\/digicardstool.eu\/de\/#organization"},"potentialAction":[{"@type":"SearchAction","target":{"@type":"EntryPoint","urlTemplate":"https:\/\/digicardstool.eu\/de\/?s={search_term_string}"},"query-input":"required name=search_term_string"}],"inLanguage":"de-DE"},{"@type":"Organization","@id":"https:\/\/digicardstool.eu\/de\/#organization","name":"DigiCards Tool","url":"https:\/\/digicardstool.eu\/de\/","logo":{"@type":"ImageObject","inLanguage":"de-DE","@id":"https:\/\/digicardstool.eu\/de\/#\/schema\/logo\/image\/","url":"https:\/\/digicardstool.eu\/wp-content\/uploads\/2024\/02\/DigiCards-Logo_Logo-Farbe.png","contentUrl":"https:\/\/digicardstool.eu\/wp-content\/uploads\/2024\/02\/DigiCards-Logo_Logo-Farbe.png","width":3209,"height":1250,"caption":"DigiCards Tool"},"image":{"@id":"https:\/\/digicardstool.eu\/de\/#\/schema\/logo\/image\/"}}]}},"_links":{"self":[{"href":"https:\/\/digicardstool.eu\/de\/wp-json\/wp\/v2\/pages\/459"}],"collection":[{"href":"https:\/\/digicardstool.eu\/de\/wp-json\/wp\/v2\/pages"}],"about":[{"href":"https:\/\/digicardstool.eu\/de\/wp-json\/wp\/v2\/types\/page"}],"author":[{"embeddable":true,"href":"https:\/\/digicardstool.eu\/de\/wp-json\/wp\/v2\/users\/1"}],"replies":[{"embeddable":true,"href":"https:\/\/digicardstool.eu\/de\/wp-json\/wp\/v2\/comments?post=459"}],"version-history":[{"count":8,"href":"https:\/\/digicardstool.eu\/de\/wp-json\/wp\/v2\/pages\/459\/revisions"}],"predecessor-version":[{"id":474,"href":"https:\/\/digicardstool.eu\/de\/wp-json\/wp\/v2\/pages\/459\/revisions\/474"}],"wp:attachment":[{"href":"https:\/\/digicardstool.eu\/de\/wp-json\/wp\/v2\/media?parent=459"}],"curies":[{"name":"wp","href":"https:\/\/api.w.org\/{rel}","templated":true}]}}