{"id":425,"date":"2024-03-12T09:35:15","date_gmt":"2024-03-12T08:35:15","guid":{"rendered":"https:\/\/digicardstool.eu\/aktivitaeten\/"},"modified":"2025-01-14T16:10:51","modified_gmt":"2025-01-14T15:10:51","slug":"aktivitaeten","status":"publish","type":"page","link":"https:\/\/digicardstool.eu\/de\/aktivitaeten\/","title":{"rendered":"Aktivit\u00e4ten"},"content":{"rendered":"\t\t<div data-elementor-type=\"wp-page\" data-elementor-id=\"425\" class=\"elementor elementor-425 elementor-234\" data-elementor-post-type=\"page\">\n\t\t\t\t<div class=\"elementor-element elementor-element-5194733 e-flex e-con-boxed e-con e-parent\" data-id=\"5194733\" data-element_type=\"container\">\n\t\t\t\t\t<div class=\"e-con-inner\">\n\t\t\t\t<div class=\"elementor-element elementor-element-5f1a58f elementor-widget elementor-widget-heading\" data-id=\"5f1a58f\" data-element_type=\"widget\" data-widget_type=\"heading.default\">\n\t\t\t\t<div class=\"elementor-widget-container\">\n\t\t\t<style>\/*! elementor - v3.23.0 - 05-08-2024 *\/\n.elementor-heading-title{padding:0;margin:0;line-height:1}.elementor-widget-heading .elementor-heading-title[class*=elementor-size-]>a{color:inherit;font-size:inherit;line-height:inherit}.elementor-widget-heading .elementor-heading-title.elementor-size-small{font-size:15px}.elementor-widget-heading .elementor-heading-title.elementor-size-medium{font-size:19px}.elementor-widget-heading .elementor-heading-title.elementor-size-large{font-size:29px}.elementor-widget-heading .elementor-heading-title.elementor-size-xl{font-size:39px}.elementor-widget-heading .elementor-heading-title.elementor-size-xxl{font-size:59px}<\/style><h1 class=\"elementor-heading-title elementor-size-default\">Aktivit\u00e4ten .<span style=\"color: #0095D4\">.<\/span><span style=\"color: #FFDB00\">.<\/span><\/h1>\t\t<\/div>\n\t\t\t\t<\/div>\n\t\t\t\t\t<\/div>\n\t\t\t\t<\/div>\n\t\t<div class=\"elementor-element elementor-element-74dc3cc e-flex e-con-boxed e-con e-parent\" data-id=\"74dc3cc\" data-element_type=\"container\">\n\t\t\t\t\t<div class=\"e-con-inner\">\n\t\t\t\t<div class=\"elementor-element elementor-element-969ea5e elementor-pagination-type-bullets elementor-arrows-position-inside elementor-pagination-position-outside elementor-widget elementor-widget-n-carousel\" data-id=\"969ea5e\" data-element_type=\"widget\" data-settings=\"{&quot;carousel_items&quot;:[{&quot;slide_title&quot;:&quot;Slide #1&quot;,&quot;_id&quot;:&quot;1b21bfb&quot;},{&quot;slide_title&quot;:&quot;Slide #1&quot;,&quot;_id&quot;:&quot;fe9d769&quot;},{&quot;slide_title&quot;:&quot;Slide #1&quot;,&quot;_id&quot;:&quot;196c32b&quot;}],&quot;slides_to_show&quot;:&quot;1&quot;,&quot;slides_to_show_tablet&quot;:&quot;1&quot;,&quot;slides_to_show_mobile&quot;:&quot;1&quot;,&quot;speed&quot;:500,&quot;arrows&quot;:&quot;yes&quot;,&quot;pagination&quot;:&quot;bullets&quot;,&quot;image_spacing_custom&quot;:{&quot;unit&quot;:&quot;px&quot;,&quot;size&quot;:10,&quot;sizes&quot;:[]},&quot;image_spacing_custom_tablet&quot;:{&quot;unit&quot;:&quot;px&quot;,&quot;size&quot;:&quot;&quot;,&quot;sizes&quot;:[]},&quot;image_spacing_custom_mobile&quot;:{&quot;unit&quot;:&quot;px&quot;,&quot;size&quot;:&quot;&quot;,&quot;sizes&quot;:[]}}\" data-widget_type=\"nested-carousel.default\">\n\t\t\t\t<div class=\"elementor-widget-container\">\n\t\t\t<link rel=\"stylesheet\" href=\"https:\/\/digicardstool.eu\/wp-content\/plugins\/elementor-pro\/assets\/css\/widget-nested-carousel.min.css?ver=1723635278\">\t\t<div class=\"e-n-carousel swiper\" dir=\"ltr\">\n\t\t\t<div class=\"swiper-wrapper\" aria-live=\"polite\">\n\t\t\t\t\t\t\t\t\t\t<div class=\"swiper-slide\" data-slide=\"1\" role=\"group\" aria-roledescription=\"slide\" aria-label=\"1 of 3\">\n\t\t\t\t\t\t\t<div class=\"elementor-element elementor-element-1f7637d e-flex e-con-boxed e-con e-child\" data-id=\"1f7637d\" data-element_type=\"container\" data-settings=\"{&quot;background_background&quot;:&quot;classic&quot;}\">\n\t\t\t\t\t<div class=\"e-con-inner\">\n\t\t\t\t<div class=\"elementor-element elementor-element-d651022 elementor-widget elementor-widget-text-editor\" data-id=\"d651022\" data-element_type=\"widget\" data-widget_type=\"text-editor.default\">\n\t\t\t\t<div class=\"elementor-widget-container\">\n\t\t\t<style>\/*! elementor - v3.23.0 - 05-08-2024 *\/\n.elementor-widget-text-editor.elementor-drop-cap-view-stacked .elementor-drop-cap{background-color:#69727d;color:#fff}.elementor-widget-text-editor.elementor-drop-cap-view-framed .elementor-drop-cap{color:#69727d;border:3px solid;background-color:transparent}.elementor-widget-text-editor:not(.elementor-drop-cap-view-default) .elementor-drop-cap{margin-top:8px}.elementor-widget-text-editor:not(.elementor-drop-cap-view-default) .elementor-drop-cap-letter{width:1em;height:1em}.elementor-widget-text-editor .elementor-drop-cap{float:left;text-align:center;line-height:1;font-size:50px}.elementor-widget-text-editor .elementor-drop-cap-letter{display:inline-block}<\/style>\t\t\t\t<p>Entwicklung digitaler Kompetenzkarten f\u00fcr Bildungs- und Berufsberatung<\/p>\n\t\t\t\t\t\t<\/div>\n\t\t\t\t<\/div>\n\t\t\t\t<div class=\"elementor-element elementor-element-93b0eb6 elementor-widget elementor-widget-text-editor\" data-id=\"93b0eb6\" data-element_type=\"widget\" data-widget_type=\"text-editor.default\">\n\t\t\t\t<div class=\"elementor-widget-container\">\n\t\t\t\t\t\t\t F\u00fcr eine praxistaugliche L\u00f6sung zur Verwendung von digitalen Kompetenzkarten ist es uns wichtig Bildungs- und Berufsberatung als Expert:innen ihrer eigenen Arbeit miteinzubeziehen. Aus diesem Grund f\u00fchren wir in jedem Projektpartnerland eine DigiCards Fokusgruppe durch, um Bedar, Bed\u00fcrfnisse und relevante Informationen zum Umgang mit digitalen Kompetenzkarten zu eruieren. Dar\u00fcber hinaus f\u00fchren wir zwei Interviews mit renommierten Expert:innen aus Wissenschaft und Forschung durch, um k\u00fcnftigen Entwicklungen im Arbeitsmarkt- und Beratungskontext auf internationaler Ebene in die Entwicklung der digitalen Kompetenzkarten miteinzubeziehen.   \t\t\t\t\t\t<\/div>\n\t\t\t\t<\/div>\n\t\t\t\t\t<\/div>\n\t\t\t\t<\/div>\n\t\t\t\t\t\t\t\t<\/div>\n\t\t\t\t\t\t\t\t\t\t\t<div class=\"swiper-slide\" data-slide=\"2\" role=\"group\" aria-roledescription=\"slide\" aria-label=\"2 of 3\">\n\t\t\t\t\t\t\t<div class=\"elementor-element elementor-element-9a381e3 e-flex e-con-boxed e-con e-child\" data-id=\"9a381e3\" data-element_type=\"container\" data-settings=\"{&quot;background_background&quot;:&quot;classic&quot;}\">\n\t\t\t\t\t<div class=\"e-con-inner\">\n\t\t\t\t<div class=\"elementor-element elementor-element-c0d4879 elementor-widget elementor-widget-text-editor\" data-id=\"c0d4879\" data-element_type=\"widget\" data-widget_type=\"text-editor.default\">\n\t\t\t\t<div class=\"elementor-widget-container\">\n\t\t\t\t\t\t\t<p>Das DigiCards Kompetenzhandbuch<\/p>\n\t\t\t\t\t\t<\/div>\n\t\t\t\t<\/div>\n\t\t\t\t<div class=\"elementor-element elementor-element-2f98284 elementor-widget elementor-widget-text-editor\" data-id=\"2f98284\" data-element_type=\"widget\" data-widget_type=\"text-editor.default\">\n\t\t\t\t<div class=\"elementor-widget-container\">\n\t\t\t\t\t\t\t<p>Die Anwendung digitaler Kompetenzkarten bedarf auch einer ma\u00dfgeschneiderten Anleitung sowie spielerischer Herangehensweise beim Einsatz digitaler Kompetenzkarten. Daher werden wir ein Kompetenzhandbuch in Englisch und Deutsch zur Verf\u00fcgung stellen, um erprobte Ans\u00e4tze in Methodik und Didaktik vorzustellen, welche eine professionelle Verwendung digitaler Kompetenzkarten unterst\u00fctzen soll. <\/p>\n\t\t\t\t\t\t<\/div>\n\t\t\t\t<\/div>\n\t\t\t\t\t<\/div>\n\t\t\t\t<\/div>\n\t\t\t\t\t\t\t\t<\/div>\n\t\t\t\t\t\t\t\t\t\t\t<div class=\"swiper-slide\" data-slide=\"3\" role=\"group\" aria-roledescription=\"slide\" aria-label=\"3 of 3\">\n\t\t\t\t\t\t\t<div class=\"elementor-element elementor-element-aff4658 e-flex e-con-boxed e-con e-child\" data-id=\"aff4658\" data-element_type=\"container\" data-settings=\"{&quot;background_background&quot;:&quot;classic&quot;}\">\n\t\t\t\t\t<div class=\"e-con-inner\">\n\t\t\t\t<div class=\"elementor-element elementor-element-f031645 elementor-widget elementor-widget-text-editor\" data-id=\"f031645\" data-element_type=\"widget\" data-widget_type=\"text-editor.default\">\n\t\t\t\t<div class=\"elementor-widget-container\">\n\t\t\t\t\t\t\t<p>Netzwerk- und DigiCards Veranstaltungen<\/p>\n\t\t\t\t\t\t<\/div>\n\t\t\t\t<\/div>\n\t\t\t\t<div class=\"elementor-element elementor-element-50f10c1 elementor-widget elementor-widget-text-editor\" data-id=\"50f10c1\" data-element_type=\"widget\" data-widget_type=\"text-editor.default\">\n\t\t\t\t<div class=\"elementor-widget-container\">\n\t\t\t\t\t\t\t<p>Nach einer erfolgreichen Pilotierungsphase werden wir die Ergebnisse und die DigiCards-Toolbox im Rahmen von Netzwerkveranstaltungen in \u00d6sterreich und Belgien pr\u00e4sentieren, um die Reichweite in der Nutzung digitaler Kompetenzkarten in der Bildungs- und Berufsberatung zu erh\u00f6hen. Dar\u00fcber hinaus wird es zum Abschluss ein internationales Event im digitalen Format geben, um Bildungs- und Berufsberater:innen aus ganz Europa zusammen zu bringen, die erarbeiteten L\u00f6sungen von DigiCards vorzustellen und unseren Projekerfolg gemeinsam zu feiern. <\/p>\n\t\t\t\t\t\t<\/div>\n\t\t\t\t<\/div>\n\t\t\t\t\t<\/div>\n\t\t\t\t<\/div>\n\t\t\t\t\t\t\t\t<\/div>\n\t\t\t\t\t\t\t\t<\/div>\n\t\t<\/div>\n\t\t\t\t\t<div class=\"elementor-swiper-button elementor-swiper-button-prev\" role=\"button\" tabindex=\"0\">\n\t\t\t\t<svg aria-hidden=\"true\" class=\"e-font-icon-svg e-eicon-chevron-left\" viewBox=\"0 0 1000 1000\" xmlns=\"http:\/\/www.w3.org\/2000\/svg\"><path d=\"M646 125C629 125 613 133 604 142L308 442C296 454 292 471 292 487 292 504 296 521 308 533L604 854C617 867 629 875 646 875 663 875 679 871 692 858 704 846 713 829 713 812 713 796 708 779 692 767L438 487 692 225C700 217 708 204 708 187 708 171 704 154 692 142 675 129 663 125 646 125Z\"><\/path><\/svg>\t\t\t<\/div>\n\t\t\t<div class=\"elementor-swiper-button elementor-swiper-button-next\" role=\"button\" tabindex=\"0\">\n\t\t\t\t<svg aria-hidden=\"true\" class=\"e-font-icon-svg e-eicon-chevron-right\" viewBox=\"0 0 1000 1000\" xmlns=\"http:\/\/www.w3.org\/2000\/svg\"><path d=\"M696 533C708 521 713 504 713 487 713 471 708 454 696 446L400 146C388 133 375 125 354 125 338 125 325 129 313 142 300 154 292 171 292 187 292 204 296 221 308 233L563 492 304 771C292 783 288 800 288 817 288 833 296 850 308 863 321 871 338 875 354 875 371 875 388 867 400 854L696 533Z\"><\/path><\/svg>\t\t\t<\/div>\n\t\t\t\t\t<div class=\"swiper-pagination\"><\/div>\n\t\t\t\t<\/div>\n\t\t\t\t<\/div>\n\t\t\t\t\t<\/div>\n\t\t\t\t<\/div>\n\t\t<div class=\"elementor-element elementor-element-629198b e-flex e-con-boxed e-con e-parent\" data-id=\"629198b\" data-element_type=\"container\">\n\t\t\t\t\t<div class=\"e-con-inner\">\n\t\t\t\t<div class=\"elementor-element elementor-element-2e0a3db elementor-widget elementor-widget-heading\" data-id=\"2e0a3db\" data-element_type=\"widget\" data-widget_type=\"heading.default\">\n\t\t\t\t<div class=\"elementor-widget-container\">\n\t\t\t<h2 class=\"elementor-heading-title elementor-size-default\">DigiCards-Kompetenz- handbuch<\/h2>\t\t<\/div>\n\t\t\t\t<\/div>\n\t\t\t\t<div class=\"elementor-element elementor-element-f05cf0b elementor-widget elementor-widget-text-editor\" data-id=\"f05cf0b\" data-element_type=\"widget\" data-widget_type=\"text-editor.default\">\n\t\t\t\t<div class=\"elementor-widget-container\">\n\t\t\t\t\t\t\t<p>Das DigiCards-Kompetenzhandbuch dient als Leitfaden um Bildungs- und Berufsberater:innen bei der Anwendung von DigiCards zu unterst\u00fctzen.<\/p>\n\t\t\t\t\t\t<\/div>\n\t\t\t\t<\/div>\n\t\t\t\t<div class=\"elementor-element elementor-element-c595cce elementor-align-center elementor-widget elementor-widget-button\" data-id=\"c595cce\" data-element_type=\"widget\" data-widget_type=\"button.default\">\n\t\t\t\t<div class=\"elementor-widget-container\">\n\t\t\t\t\t<div class=\"elementor-button-wrapper\">\n\t\t\t<a class=\"elementor-button elementor-button-link elementor-size-sm\" href=\"https:\/\/digicardstool.eu\/wp-content\/uploads\/2025\/01\/DigiCards_Kompetenzhandbuch_DE-neu.pdf\" target=\"_blank\">\n\t\t\t\t\t\t<span class=\"elementor-button-content-wrapper\">\n\t\t\t\t\t\t\t\t\t<span class=\"elementor-button-text\">Jetzt herunterladen<\/span>\n\t\t\t\t\t<\/span>\n\t\t\t\t\t<\/a>\n\t\t<\/div>\n\t\t\t\t<\/div>\n\t\t\t\t<\/div>\n\t\t\t\t\t<\/div>\n\t\t\t\t<\/div>\n\t\t\t\t<\/div>\n\t\t","protected":false},"excerpt":{"rendered":"<p>Aktivit\u00e4ten &#8230; Entwicklung digitaler Kompetenzkarten f\u00fcr Bildungs- und Berufsberatung F\u00fcr eine praxistaugliche L\u00f6sung zur Verwendung von digitalen Kompetenzkarten ist es uns wichtig Bildungs- und Berufsberatung als Expert:innen ihrer eigenen Arbeit miteinzubeziehen. Aus diesem Grund f\u00fchren wir in jedem Projektpartnerland eine DigiCards Fokusgruppe durch, um Bedar, Bed\u00fcrfnisse und relevante Informationen zum Umgang mit digitalen Kompetenzkarten zu [&hellip;]<\/p>\n","protected":false},"author":1,"featured_media":0,"parent":0,"menu_order":0,"comment_status":"closed","ping_status":"closed","template":"","meta":{"footnotes":""},"class_list":["post-425","page","type-page","status-publish","hentry"],"yoast_head":"<!-- This site is optimized with the Yoast SEO plugin v23.2 - https:\/\/yoast.com\/wordpress\/plugins\/seo\/ -->\n<title>Entwicklung digitaler Kompetenzkarten - DigiCards Tool<\/title>\n<meta name=\"description\" content=\"Entwicklung digitaler Kompetenzkarten f\u00fcr Bildungs- und Berufsberatung sowie das DigiCards Kompetenzhandbuch\" \/>\n<meta name=\"robots\" content=\"index, follow, max-snippet:-1, max-image-preview:large, max-video-preview:-1\" \/>\n<link rel=\"canonical\" href=\"https:\/\/digicardstool.eu\/de\/aktivitaeten\/\" \/>\n<meta property=\"og:locale\" content=\"de_DE\" \/>\n<meta property=\"og:type\" content=\"article\" \/>\n<meta property=\"og:title\" content=\"Entwicklung digitaler Kompetenzkarten - DigiCards Tool\" \/>\n<meta property=\"og:description\" content=\"Entwicklung digitaler Kompetenzkarten f\u00fcr Bildungs- und Berufsberatung sowie das DigiCards Kompetenzhandbuch\" \/>\n<meta property=\"og:url\" content=\"https:\/\/digicardstool.eu\/de\/aktivitaeten\/\" \/>\n<meta property=\"og:site_name\" content=\"DigiCards Tool\" \/>\n<meta property=\"article:modified_time\" content=\"2025-01-14T15:10:51+00:00\" \/>\n<meta name=\"twitter:card\" content=\"summary_large_image\" \/>\n<meta name=\"twitter:label1\" content=\"Gesch\u00e4tzte Lesezeit\" \/>\n\t<meta name=\"twitter:data1\" content=\"3 Minuten\" \/>\n<script type=\"application\/ld+json\" class=\"yoast-schema-graph\">{\"@context\":\"https:\/\/schema.org\",\"@graph\":[{\"@type\":\"WebPage\",\"@id\":\"https:\/\/digicardstool.eu\/de\/aktivitaeten\/\",\"url\":\"https:\/\/digicardstool.eu\/de\/aktivitaeten\/\",\"name\":\"Entwicklung digitaler Kompetenzkarten - DigiCards Tool\",\"isPartOf\":{\"@id\":\"https:\/\/digicardstool.eu\/de\/#website\"},\"datePublished\":\"2024-03-12T08:35:15+00:00\",\"dateModified\":\"2025-01-14T15:10:51+00:00\",\"description\":\"Entwicklung digitaler Kompetenzkarten f\u00fcr Bildungs- und Berufsberatung sowie das DigiCards Kompetenzhandbuch\",\"breadcrumb\":{\"@id\":\"https:\/\/digicardstool.eu\/de\/aktivitaeten\/#breadcrumb\"},\"inLanguage\":\"de-DE\",\"potentialAction\":[{\"@type\":\"ReadAction\",\"target\":[\"https:\/\/digicardstool.eu\/de\/aktivitaeten\/\"]}]},{\"@type\":\"BreadcrumbList\",\"@id\":\"https:\/\/digicardstool.eu\/de\/aktivitaeten\/#breadcrumb\",\"itemListElement\":[{\"@type\":\"ListItem\",\"position\":1,\"name\":\"Home\",\"item\":\"https:\/\/digicardstool.eu\/de\/\"},{\"@type\":\"ListItem\",\"position\":2,\"name\":\"Aktivit\u00e4ten\"}]},{\"@type\":\"WebSite\",\"@id\":\"https:\/\/digicardstool.eu\/de\/#website\",\"url\":\"https:\/\/digicardstool.eu\/de\/\",\"name\":\"DigiCards Tool\",\"description\":\"\",\"publisher\":{\"@id\":\"https:\/\/digicardstool.eu\/de\/#organization\"},\"potentialAction\":[{\"@type\":\"SearchAction\",\"target\":{\"@type\":\"EntryPoint\",\"urlTemplate\":\"https:\/\/digicardstool.eu\/de\/?s={search_term_string}\"},\"query-input\":\"required name=search_term_string\"}],\"inLanguage\":\"de-DE\"},{\"@type\":\"Organization\",\"@id\":\"https:\/\/digicardstool.eu\/de\/#organization\",\"name\":\"DigiCards Tool\",\"url\":\"https:\/\/digicardstool.eu\/de\/\",\"logo\":{\"@type\":\"ImageObject\",\"inLanguage\":\"de-DE\",\"@id\":\"https:\/\/digicardstool.eu\/de\/#\/schema\/logo\/image\/\",\"url\":\"https:\/\/digicardstool.eu\/wp-content\/uploads\/2024\/02\/DigiCards-Logo_Logo-Farbe.png\",\"contentUrl\":\"https:\/\/digicardstool.eu\/wp-content\/uploads\/2024\/02\/DigiCards-Logo_Logo-Farbe.png\",\"width\":3209,\"height\":1250,\"caption\":\"DigiCards Tool\"},\"image\":{\"@id\":\"https:\/\/digicardstool.eu\/de\/#\/schema\/logo\/image\/\"}}]}<\/script>\n<!-- \/ Yoast SEO plugin. -->","yoast_head_json":{"title":"Entwicklung digitaler Kompetenzkarten - DigiCards Tool","description":"Entwicklung digitaler Kompetenzkarten f\u00fcr Bildungs- und Berufsberatung sowie das DigiCards Kompetenzhandbuch","robots":{"index":"index","follow":"follow","max-snippet":"max-snippet:-1","max-image-preview":"max-image-preview:large","max-video-preview":"max-video-preview:-1"},"canonical":"https:\/\/digicardstool.eu\/de\/aktivitaeten\/","og_locale":"de_DE","og_type":"article","og_title":"Entwicklung digitaler Kompetenzkarten - DigiCards Tool","og_description":"Entwicklung digitaler Kompetenzkarten f\u00fcr Bildungs- und Berufsberatung sowie das DigiCards Kompetenzhandbuch","og_url":"https:\/\/digicardstool.eu\/de\/aktivitaeten\/","og_site_name":"DigiCards Tool","article_modified_time":"2025-01-14T15:10:51+00:00","twitter_card":"summary_large_image","twitter_misc":{"Gesch\u00e4tzte Lesezeit":"3 Minuten"},"schema":{"@context":"https:\/\/schema.org","@graph":[{"@type":"WebPage","@id":"https:\/\/digicardstool.eu\/de\/aktivitaeten\/","url":"https:\/\/digicardstool.eu\/de\/aktivitaeten\/","name":"Entwicklung digitaler Kompetenzkarten - DigiCards Tool","isPartOf":{"@id":"https:\/\/digicardstool.eu\/de\/#website"},"datePublished":"2024-03-12T08:35:15+00:00","dateModified":"2025-01-14T15:10:51+00:00","description":"Entwicklung digitaler Kompetenzkarten f\u00fcr Bildungs- und Berufsberatung sowie das DigiCards Kompetenzhandbuch","breadcrumb":{"@id":"https:\/\/digicardstool.eu\/de\/aktivitaeten\/#breadcrumb"},"inLanguage":"de-DE","potentialAction":[{"@type":"ReadAction","target":["https:\/\/digicardstool.eu\/de\/aktivitaeten\/"]}]},{"@type":"BreadcrumbList","@id":"https:\/\/digicardstool.eu\/de\/aktivitaeten\/#breadcrumb","itemListElement":[{"@type":"ListItem","position":1,"name":"Home","item":"https:\/\/digicardstool.eu\/de\/"},{"@type":"ListItem","position":2,"name":"Aktivit\u00e4ten"}]},{"@type":"WebSite","@id":"https:\/\/digicardstool.eu\/de\/#website","url":"https:\/\/digicardstool.eu\/de\/","name":"DigiCards Tool","description":"","publisher":{"@id":"https:\/\/digicardstool.eu\/de\/#organization"},"potentialAction":[{"@type":"SearchAction","target":{"@type":"EntryPoint","urlTemplate":"https:\/\/digicardstool.eu\/de\/?s={search_term_string}"},"query-input":"required name=search_term_string"}],"inLanguage":"de-DE"},{"@type":"Organization","@id":"https:\/\/digicardstool.eu\/de\/#organization","name":"DigiCards Tool","url":"https:\/\/digicardstool.eu\/de\/","logo":{"@type":"ImageObject","inLanguage":"de-DE","@id":"https:\/\/digicardstool.eu\/de\/#\/schema\/logo\/image\/","url":"https:\/\/digicardstool.eu\/wp-content\/uploads\/2024\/02\/DigiCards-Logo_Logo-Farbe.png","contentUrl":"https:\/\/digicardstool.eu\/wp-content\/uploads\/2024\/02\/DigiCards-Logo_Logo-Farbe.png","width":3209,"height":1250,"caption":"DigiCards Tool"},"image":{"@id":"https:\/\/digicardstool.eu\/de\/#\/schema\/logo\/image\/"}}]}},"_links":{"self":[{"href":"https:\/\/digicardstool.eu\/de\/wp-json\/wp\/v2\/pages\/425"}],"collection":[{"href":"https:\/\/digicardstool.eu\/de\/wp-json\/wp\/v2\/pages"}],"about":[{"href":"https:\/\/digicardstool.eu\/de\/wp-json\/wp\/v2\/types\/page"}],"author":[{"embeddable":true,"href":"https:\/\/digicardstool.eu\/de\/wp-json\/wp\/v2\/users\/1"}],"replies":[{"embeddable":true,"href":"https:\/\/digicardstool.eu\/de\/wp-json\/wp\/v2\/comments?post=425"}],"version-history":[{"count":10,"href":"https:\/\/digicardstool.eu\/de\/wp-json\/wp\/v2\/pages\/425\/revisions"}],"predecessor-version":[{"id":638,"href":"https:\/\/digicardstool.eu\/de\/wp-json\/wp\/v2\/pages\/425\/revisions\/638"}],"wp:attachment":[{"href":"https:\/\/digicardstool.eu\/de\/wp-json\/wp\/v2\/media?parent=425"}],"curies":[{"name":"wp","href":"https:\/\/api.w.org\/{rel}","templated":true}]}}