{"id":419,"date":"2024-03-11T11:40:58","date_gmt":"2024-03-11T10:40:58","guid":{"rendered":"https:\/\/digicardstool.eu\/partner\/"},"modified":"2024-03-20T10:34:13","modified_gmt":"2024-03-20T09:34:13","slug":"partner","status":"publish","type":"page","link":"https:\/\/digicardstool.eu\/de\/partner\/","title":{"rendered":"Partner"},"content":{"rendered":"\t\t<div data-elementor-type=\"wp-page\" data-elementor-id=\"419\" class=\"elementor elementor-419 elementor-169\" data-elementor-post-type=\"page\">\n\t\t\t\t<div class=\"elementor-element elementor-element-ca71047 e-flex e-con-boxed e-con e-parent\" data-id=\"ca71047\" data-element_type=\"container\">\n\t\t\t\t\t<div class=\"e-con-inner\">\n\t\t\t\t<div class=\"elementor-element elementor-element-290d00c elementor-widget elementor-widget-heading\" data-id=\"290d00c\" data-element_type=\"widget\" data-widget_type=\"heading.default\">\n\t\t\t\t<div class=\"elementor-widget-container\">\n\t\t\t<style>\/*! elementor - v3.23.0 - 05-08-2024 *\/\n.elementor-heading-title{padding:0;margin:0;line-height:1}.elementor-widget-heading .elementor-heading-title[class*=elementor-size-]>a{color:inherit;font-size:inherit;line-height:inherit}.elementor-widget-heading .elementor-heading-title.elementor-size-small{font-size:15px}.elementor-widget-heading .elementor-heading-title.elementor-size-medium{font-size:19px}.elementor-widget-heading .elementor-heading-title.elementor-size-large{font-size:29px}.elementor-widget-heading .elementor-heading-title.elementor-size-xl{font-size:39px}.elementor-widget-heading .elementor-heading-title.elementor-size-xxl{font-size:59px}<\/style><h1 class=\"elementor-heading-title elementor-size-default\">Projektpartner .<span style=\"color: #0095D4\">.<\/span><span style=\"color: #FFDB00\">.<\/span><\/h1>\t\t<\/div>\n\t\t\t\t<\/div>\n\t\t\t\t<div class=\"elementor-element elementor-element-c06ba10 elementor-widget elementor-widget-text-editor\" data-id=\"c06ba10\" data-element_type=\"widget\" data-widget_type=\"text-editor.default\">\n\t\t\t\t<div class=\"elementor-widget-container\">\n\t\t\t<style>\/*! elementor - v3.23.0 - 05-08-2024 *\/\n.elementor-widget-text-editor.elementor-drop-cap-view-stacked .elementor-drop-cap{background-color:#69727d;color:#fff}.elementor-widget-text-editor.elementor-drop-cap-view-framed .elementor-drop-cap{color:#69727d;border:3px solid;background-color:transparent}.elementor-widget-text-editor:not(.elementor-drop-cap-view-default) .elementor-drop-cap{margin-top:8px}.elementor-widget-text-editor:not(.elementor-drop-cap-view-default) .elementor-drop-cap-letter{width:1em;height:1em}.elementor-widget-text-editor .elementor-drop-cap{float:left;text-align:center;line-height:1;font-size:50px}.elementor-widget-text-editor .elementor-drop-cap-letter{display:inline-block}<\/style>\t\t\t\tBei <strong>DigiCards<\/strong> kombinieren wir in unserer Partnerschaft zentrale Elemente f\u00fcr eine erfolgreiche Projektumsetzung. Zum Einen haben wir mit der <strong><span style=\"text-decoration: underline;\"><a href=\"https:\/\/www.lllplatform.eu\/\" target=\"_blank\" rel=\"noopener\">Lifelong Learning Platform<\/a><\/span><\/strong> eine etablierte Organisation, welche durch ihre Forschungsaktivit\u00e4ten und Beratungsarbeit in policy recommendations auf europ\u00e4ischer Ebene und zum Anderen k\u00f6nnen wir mit KARBON Consulting GmbH den Blick aus der praktischen Arbeit in der Bildungs- und Berufsberatung mit sich bringt. Dadurch k\u00f6nnen wir Theorie mit Praxis sowie Expertise und Erfahrung miteinander verbinden, welche grundlegend sind, um mit DigiCards einen Mehrwert f\u00fcr Bildungs- und Berufsberater:innen und vor allem f\u00fcr die Praxis zu gew\u00e4hrleisten.\t\t\t\t\t\t<\/div>\n\t\t\t\t<\/div>\n\t\t\t\t\t<\/div>\n\t\t\t\t<\/div>\n\t\t<div class=\"elementor-element elementor-element-8375207 e-flex e-con-boxed e-con e-parent\" data-id=\"8375207\" data-element_type=\"container\">\n\t\t\t\t\t<div class=\"e-con-inner\">\n\t\t\t\t<div class=\"elementor-element elementor-element-ff27451 elementor-widget elementor-widget-n-accordion\" data-id=\"ff27451\" data-element_type=\"widget\" data-settings=\"{&quot;default_state&quot;:&quot;all_collapsed&quot;,&quot;max_items_expended&quot;:&quot;one&quot;,&quot;n_accordion_animation_duration&quot;:{&quot;unit&quot;:&quot;ms&quot;,&quot;size&quot;:400,&quot;sizes&quot;:[]}}\" data-widget_type=\"nested-accordion.default\">\n\t\t\t\t<div class=\"elementor-widget-container\">\n\t\t\t\t\t<div class=\"e-n-accordion\" aria-label=\"Accordion. Open links with Enter or Space, close with Escape, and navigate with Arrow Keys\">\n\t\t\t\t\t\t<details id=\"e-n-accordion-item-2670\" class=\"e-n-accordion-item\" >\n\t\t\t\t<summary class=\"e-n-accordion-item-title\" data-accordion-index=\"1\" tabindex=\"0\" aria-expanded=\"false\" aria-controls=\"e-n-accordion-item-2670\" >\n\t\t\t\t\t<span class='e-n-accordion-item-title-header'><div class=\"e-n-accordion-item-title-text\"> KARBON Consulting GmbH <\/div><\/span>\n\t\t\t\t\t\t\t<span class='e-n-accordion-item-title-icon'>\n\t\t\t<span class='e-opened' ><svg aria-hidden=\"true\" class=\"e-font-icon-svg e-fas-chevron-up\" viewBox=\"0 0 448 512\" xmlns=\"http:\/\/www.w3.org\/2000\/svg\"><path d=\"M240.971 130.524l194.343 194.343c9.373 9.373 9.373 24.569 0 33.941l-22.667 22.667c-9.357 9.357-24.522 9.375-33.901.04L224 227.495 69.255 381.516c-9.379 9.335-24.544 9.317-33.901-.04l-22.667-22.667c-9.373-9.373-9.373-24.569 0-33.941L207.03 130.525c9.372-9.373 24.568-9.373 33.941-.001z\"><\/path><\/svg><\/span>\n\t\t\t<span class='e-closed'><svg aria-hidden=\"true\" class=\"e-font-icon-svg e-fas-chevron-down\" viewBox=\"0 0 448 512\" xmlns=\"http:\/\/www.w3.org\/2000\/svg\"><path d=\"M207.029 381.476L12.686 187.132c-9.373-9.373-9.373-24.569 0-33.941l22.667-22.667c9.357-9.357 24.522-9.375 33.901-.04L224 284.505l154.745-154.021c9.379-9.335 24.544-9.317 33.901.04l22.667 22.667c9.373 9.373 9.373 24.569 0 33.941L240.971 381.476c-9.373 9.372-24.569 9.372-33.942 0z\"><\/path><\/svg><\/span>\n\t\t<\/span>\n\n\t\t\t\t\t\t<\/summary>\n\t\t\t\t<div role=\"region\" aria-labelledby=\"e-n-accordion-item-2670\" class=\"elementor-element elementor-element-72c4ec3 e-con-full e-flex e-con e-child\" data-id=\"72c4ec3\" data-element_type=\"container\">\n\t\t\t\t<div class=\"elementor-element elementor-element-34d9732 elementor-widget elementor-widget-text-editor\" data-id=\"34d9732\" data-element_type=\"widget\" data-widget_type=\"text-editor.default\">\n\t\t\t\t<div class=\"elementor-widget-container\">\n\t\t\t\t\t\t\tBildung, die bewegt. Beratung, die wirkt. Ein nachhaltiger Mehrwert f\u00fcr Alle.  \n\n\t\t\t\t\t\t<\/div>\n\t\t\t\t<\/div>\n\t\t\t\t<div class=\"elementor-element elementor-element-bd45135 elementor-widget elementor-widget-text-editor\" data-id=\"bd45135\" data-element_type=\"widget\" data-widget_type=\"text-editor.default\">\n\t\t\t\t<div class=\"elementor-widget-container\">\n\t\t\t\t\t\t\t<p>Das sind die Leitgedanken von KARBON Consulting GmbH und finden sich in den drei Gesch\u00e4ftsbereichen Bildung, Beratung und Europ\u00e4ische Projekte wieder. Als Unternehmensberatung mit Sitz in Leutasch, Tirol \/ \u00d6sterreich ist die Organisation eingebunden in die Entwicklung von innovativen Bildungskonzepten in der Berufs-, Hochschul- und Erwachsenenbildung. Zudem geh\u00f6rt KARBON Consulting GmbH zu den treibenden Unternehmen in Tirol, die europ\u00e4ische Projekte konzipieren, managen und umsetzen.   <\/p>\n\t\t\t\t\t\t<\/div>\n\t\t\t\t<\/div>\n\t\t\t\t<div class=\"elementor-element elementor-element-54cf8e0 elementor-widget elementor-widget-text-editor\" data-id=\"54cf8e0\" data-element_type=\"widget\" data-widget_type=\"text-editor.default\">\n\t\t\t\t<div class=\"elementor-widget-container\">\n\t\t\t\t\t\t\t<p>Globale Entwicklungen mit regionalem Potential zu verbinden ist unsere St\u00e4rke.<\/p>\n\t\t\t\t\t\t<\/div>\n\t\t\t\t<\/div>\n\t\t\t\t<div class=\"elementor-element elementor-element-d0f00fc elementor-widget elementor-widget-text-editor\" data-id=\"d0f00fc\" data-element_type=\"widget\" data-widget_type=\"text-editor.default\">\n\t\t\t\t<div class=\"elementor-widget-container\">\n\t\t\t\t\t\t\t<p>KARBON Consulting GmbH positioniert sich zu den Sustainable Development Goals und den <strong><span style=\"text-decoration: underline;\"><a href=\"https:\/\/www.innerdevelopmentgoals.org\/\" target=\"_blank\" rel=\"noopener\">Inner Development Goals<\/a><\/span><\/strong>, ist Mitglied des <span style=\"text-decoration: underline;\"><strong><a href=\"https:\/\/unglobalcompact.org\/\" target=\"_blank\" rel=\"noopener\">UN Global Compact<\/a><\/strong><\/span> und des <strong><span style=\"text-decoration: underline;\"><a href=\"https:\/\/iaevg.wildapricot.org\/\" target=\"_blank\" rel=\"noopener\">IInternationalen Verbands f\u00fcr Bildungs- und Berufsberatung<\/a><\/span><\/strong>.<\/p>\n\t\t\t\t\t\t<\/div>\n\t\t\t\t<\/div>\n\t\t\t\t<div class=\"elementor-element elementor-element-27e3333 elementor-widget elementor-widget-button\" data-id=\"27e3333\" data-element_type=\"widget\" data-widget_type=\"button.default\">\n\t\t\t\t<div class=\"elementor-widget-container\">\n\t\t\t\t\t<div class=\"elementor-button-wrapper\">\n\t\t\t<a class=\"elementor-button elementor-button-link elementor-size-sm\" href=\"https:\/\/karbon-consulting.eu\/en\/\" target=\"_blank\">\n\t\t\t\t\t\t<span class=\"elementor-button-content-wrapper\">\n\t\t\t\t\t\t\t\t\t<span class=\"elementor-button-text\">Zur Website<\/span>\n\t\t\t\t\t<\/span>\n\t\t\t\t\t<\/a>\n\t\t<\/div>\n\t\t\t\t<\/div>\n\t\t\t\t<\/div>\n\t\t\t\t<\/div>\n\t\t\t\t\t<\/details>\n\t\t\t\t\t\t<details id=\"e-n-accordion-item-2671\" class=\"e-n-accordion-item\" >\n\t\t\t\t<summary class=\"e-n-accordion-item-title\" data-accordion-index=\"2\" tabindex=\"-1\" aria-expanded=\"false\" aria-controls=\"e-n-accordion-item-2671\" >\n\t\t\t\t\t<span class='e-n-accordion-item-title-header'><div class=\"e-n-accordion-item-title-text\"> Lifelong Learning Platform <\/div><\/span>\n\t\t\t\t\t\t\t<span class='e-n-accordion-item-title-icon'>\n\t\t\t<span class='e-opened' ><svg aria-hidden=\"true\" class=\"e-font-icon-svg e-fas-chevron-up\" viewBox=\"0 0 448 512\" xmlns=\"http:\/\/www.w3.org\/2000\/svg\"><path d=\"M240.971 130.524l194.343 194.343c9.373 9.373 9.373 24.569 0 33.941l-22.667 22.667c-9.357 9.357-24.522 9.375-33.901.04L224 227.495 69.255 381.516c-9.379 9.335-24.544 9.317-33.901-.04l-22.667-22.667c-9.373-9.373-9.373-24.569 0-33.941L207.03 130.525c9.372-9.373 24.568-9.373 33.941-.001z\"><\/path><\/svg><\/span>\n\t\t\t<span class='e-closed'><svg aria-hidden=\"true\" class=\"e-font-icon-svg e-fas-chevron-down\" viewBox=\"0 0 448 512\" xmlns=\"http:\/\/www.w3.org\/2000\/svg\"><path d=\"M207.029 381.476L12.686 187.132c-9.373-9.373-9.373-24.569 0-33.941l22.667-22.667c9.357-9.357 24.522-9.375 33.901-.04L224 284.505l154.745-154.021c9.379-9.335 24.544-9.317 33.901.04l22.667 22.667c9.373 9.373 9.373 24.569 0 33.941L240.971 381.476c-9.373 9.372-24.569 9.372-33.942 0z\"><\/path><\/svg><\/span>\n\t\t<\/span>\n\n\t\t\t\t\t\t<\/summary>\n\t\t\t\t<div role=\"region\" aria-labelledby=\"e-n-accordion-item-2671\" class=\"elementor-element elementor-element-8dbc027 e-con-full e-flex e-con e-child\" data-id=\"8dbc027\" data-element_type=\"container\">\n\t\t\t\t<div class=\"elementor-element elementor-element-9f02b26 elementor-widget elementor-widget-text-editor\" data-id=\"9f02b26\" data-element_type=\"widget\" data-widget_type=\"text-editor.default\">\n\t\t\t\t<div class=\"elementor-widget-container\">\n\t\t\t\t\t\t\t<p>Die Plattform f\u00fcr lebenslanges Lernen wurde 2005 gegr\u00fcndet und versammelt heute 44 europ\u00e4ische Netzwerke, die in den Bereichen allgemeine und berufliche Bildung und Jugend t\u00e4tig sind. Diese Organisationen vertreten Millionen von Akteuren in ganz Europa und decken alle Bereiche der allgemeinen und beruflichen Bildung ab, darunter Netzwerke f\u00fcr die Sekundar- und Hochschulbildung, die berufliche Bildung, die Erwachsenenbildung und die Volksbildung; Netzwerke f\u00fcr Sch\u00fcler, Schulleiter, Eltern, Personalentwickler, Lehrer und Ausbilder. Das LLLP wurde von der Europ\u00e4ischen Kommission 2009 als \u201eeinzigartige Vertretung\u201c der verschiedenen auf EU-Ebene organisierten Akteure der allgemeinen und beruflichen Bildung f\u00fcr lebenslanges Lernen anerkannt.  <\/p>\n\t\t\t\t\t\t<\/div>\n\t\t\t\t<\/div>\n\t\t\t\t<div class=\"elementor-element elementor-element-b36dd90 elementor-widget elementor-widget-button\" data-id=\"b36dd90\" data-element_type=\"widget\" data-widget_type=\"button.default\">\n\t\t\t\t<div class=\"elementor-widget-container\">\n\t\t\t\t\t<div class=\"elementor-button-wrapper\">\n\t\t\t<a class=\"elementor-button elementor-button-link elementor-size-sm\" href=\"https:\/\/lllplatform.eu\/\" target=\"_blank\">\n\t\t\t\t\t\t<span class=\"elementor-button-content-wrapper\">\n\t\t\t\t\t\t\t\t\t<span class=\"elementor-button-text\">Zur Website<\/span>\n\t\t\t\t\t<\/span>\n\t\t\t\t\t<\/a>\n\t\t<\/div>\n\t\t\t\t<\/div>\n\t\t\t\t<\/div>\n\t\t\t\t<\/div>\n\t\t\t\t\t<\/details>\n\t\t\t\t\t<\/div>\n\t\t\t\t<\/div>\n\t\t\t\t<\/div>\n\t\t\t\t\t<\/div>\n\t\t\t\t<\/div>\n\t\t\t\t<\/div>\n\t\t","protected":false},"excerpt":{"rendered":"<p>Projektpartner &#8230; Bei DigiCards kombinieren wir in unserer Partnerschaft zentrale Elemente f\u00fcr eine erfolgreiche Projektumsetzung. Zum Einen haben wir mit der Lifelong Learning Platform eine etablierte Organisation, welche durch ihre Forschungsaktivit\u00e4ten und Beratungsarbeit in policy recommendations auf europ\u00e4ischer Ebene und zum Anderen k\u00f6nnen wir mit KARBON Consulting GmbH den Blick aus der praktischen Arbeit in [&hellip;]<\/p>\n","protected":false},"author":1,"featured_media":0,"parent":0,"menu_order":0,"comment_status":"closed","ping_status":"closed","template":"","meta":{"footnotes":""},"class_list":["post-419","page","type-page","status-publish","hentry"],"yoast_head":"<!-- This site is optimized with the Yoast SEO plugin v23.2 - https:\/\/yoast.com\/wordpress\/plugins\/seo\/ -->\n<title>Projektpartner von DigiCards - DigiCards Tool<\/title>\n<meta name=\"description\" content=\"Bei DigiCards kombinieren wir in unserer Partnerschaft zentrale Elemente f\u00fcr eine erfolgreiche Projektumsetzung: KARBON Consulting GmbH &amp; Lifelong Learning Platform\" \/>\n<meta name=\"robots\" content=\"index, follow, max-snippet:-1, max-image-preview:large, max-video-preview:-1\" \/>\n<link rel=\"canonical\" href=\"https:\/\/digicardstool.eu\/de\/partner\/\" \/>\n<meta property=\"og:locale\" content=\"de_DE\" \/>\n<meta property=\"og:type\" content=\"article\" \/>\n<meta property=\"og:title\" content=\"Projektpartner von DigiCards - DigiCards Tool\" \/>\n<meta property=\"og:description\" content=\"Bei DigiCards kombinieren wir in unserer Partnerschaft zentrale Elemente f\u00fcr eine erfolgreiche Projektumsetzung: KARBON Consulting GmbH &amp; Lifelong Learning Platform\" \/>\n<meta property=\"og:url\" content=\"https:\/\/digicardstool.eu\/de\/partner\/\" \/>\n<meta property=\"og:site_name\" content=\"DigiCards Tool\" \/>\n<meta property=\"article:modified_time\" content=\"2024-03-20T09:34:13+00:00\" \/>\n<meta name=\"twitter:card\" content=\"summary_large_image\" \/>\n<meta name=\"twitter:label1\" content=\"Gesch\u00e4tzte Lesezeit\" \/>\n\t<meta name=\"twitter:data1\" content=\"4 Minuten\" \/>\n<script type=\"application\/ld+json\" class=\"yoast-schema-graph\">{\"@context\":\"https:\/\/schema.org\",\"@graph\":[{\"@type\":\"WebPage\",\"@id\":\"https:\/\/digicardstool.eu\/de\/partner\/\",\"url\":\"https:\/\/digicardstool.eu\/de\/partner\/\",\"name\":\"Projektpartner von DigiCards - DigiCards Tool\",\"isPartOf\":{\"@id\":\"https:\/\/digicardstool.eu\/de\/#website\"},\"datePublished\":\"2024-03-11T10:40:58+00:00\",\"dateModified\":\"2024-03-20T09:34:13+00:00\",\"description\":\"Bei DigiCards kombinieren wir in unserer Partnerschaft zentrale Elemente f\u00fcr eine erfolgreiche Projektumsetzung: KARBON Consulting GmbH & Lifelong Learning Platform\",\"breadcrumb\":{\"@id\":\"https:\/\/digicardstool.eu\/de\/partner\/#breadcrumb\"},\"inLanguage\":\"de-DE\",\"potentialAction\":[{\"@type\":\"ReadAction\",\"target\":[\"https:\/\/digicardstool.eu\/de\/partner\/\"]}]},{\"@type\":\"BreadcrumbList\",\"@id\":\"https:\/\/digicardstool.eu\/de\/partner\/#breadcrumb\",\"itemListElement\":[{\"@type\":\"ListItem\",\"position\":1,\"name\":\"Home\",\"item\":\"https:\/\/digicardstool.eu\/de\/\"},{\"@type\":\"ListItem\",\"position\":2,\"name\":\"Partner\"}]},{\"@type\":\"WebSite\",\"@id\":\"https:\/\/digicardstool.eu\/de\/#website\",\"url\":\"https:\/\/digicardstool.eu\/de\/\",\"name\":\"DigiCards Tool\",\"description\":\"\",\"publisher\":{\"@id\":\"https:\/\/digicardstool.eu\/de\/#organization\"},\"potentialAction\":[{\"@type\":\"SearchAction\",\"target\":{\"@type\":\"EntryPoint\",\"urlTemplate\":\"https:\/\/digicardstool.eu\/de\/?s={search_term_string}\"},\"query-input\":\"required name=search_term_string\"}],\"inLanguage\":\"de-DE\"},{\"@type\":\"Organization\",\"@id\":\"https:\/\/digicardstool.eu\/de\/#organization\",\"name\":\"DigiCards Tool\",\"url\":\"https:\/\/digicardstool.eu\/de\/\",\"logo\":{\"@type\":\"ImageObject\",\"inLanguage\":\"de-DE\",\"@id\":\"https:\/\/digicardstool.eu\/de\/#\/schema\/logo\/image\/\",\"url\":\"https:\/\/digicardstool.eu\/wp-content\/uploads\/2024\/02\/DigiCards-Logo_Logo-Farbe.png\",\"contentUrl\":\"https:\/\/digicardstool.eu\/wp-content\/uploads\/2024\/02\/DigiCards-Logo_Logo-Farbe.png\",\"width\":3209,\"height\":1250,\"caption\":\"DigiCards Tool\"},\"image\":{\"@id\":\"https:\/\/digicardstool.eu\/de\/#\/schema\/logo\/image\/\"}}]}<\/script>\n<!-- \/ Yoast SEO plugin. -->","yoast_head_json":{"title":"Projektpartner von DigiCards - DigiCards Tool","description":"Bei DigiCards kombinieren wir in unserer Partnerschaft zentrale Elemente f\u00fcr eine erfolgreiche Projektumsetzung: KARBON Consulting GmbH & Lifelong Learning Platform","robots":{"index":"index","follow":"follow","max-snippet":"max-snippet:-1","max-image-preview":"max-image-preview:large","max-video-preview":"max-video-preview:-1"},"canonical":"https:\/\/digicardstool.eu\/de\/partner\/","og_locale":"de_DE","og_type":"article","og_title":"Projektpartner von DigiCards - DigiCards Tool","og_description":"Bei DigiCards kombinieren wir in unserer Partnerschaft zentrale Elemente f\u00fcr eine erfolgreiche Projektumsetzung: KARBON Consulting GmbH & Lifelong Learning Platform","og_url":"https:\/\/digicardstool.eu\/de\/partner\/","og_site_name":"DigiCards Tool","article_modified_time":"2024-03-20T09:34:13+00:00","twitter_card":"summary_large_image","twitter_misc":{"Gesch\u00e4tzte Lesezeit":"4 Minuten"},"schema":{"@context":"https:\/\/schema.org","@graph":[{"@type":"WebPage","@id":"https:\/\/digicardstool.eu\/de\/partner\/","url":"https:\/\/digicardstool.eu\/de\/partner\/","name":"Projektpartner von DigiCards - DigiCards Tool","isPartOf":{"@id":"https:\/\/digicardstool.eu\/de\/#website"},"datePublished":"2024-03-11T10:40:58+00:00","dateModified":"2024-03-20T09:34:13+00:00","description":"Bei DigiCards kombinieren wir in unserer Partnerschaft zentrale Elemente f\u00fcr eine erfolgreiche Projektumsetzung: KARBON Consulting GmbH & Lifelong Learning Platform","breadcrumb":{"@id":"https:\/\/digicardstool.eu\/de\/partner\/#breadcrumb"},"inLanguage":"de-DE","potentialAction":[{"@type":"ReadAction","target":["https:\/\/digicardstool.eu\/de\/partner\/"]}]},{"@type":"BreadcrumbList","@id":"https:\/\/digicardstool.eu\/de\/partner\/#breadcrumb","itemListElement":[{"@type":"ListItem","position":1,"name":"Home","item":"https:\/\/digicardstool.eu\/de\/"},{"@type":"ListItem","position":2,"name":"Partner"}]},{"@type":"WebSite","@id":"https:\/\/digicardstool.eu\/de\/#website","url":"https:\/\/digicardstool.eu\/de\/","name":"DigiCards Tool","description":"","publisher":{"@id":"https:\/\/digicardstool.eu\/de\/#organization"},"potentialAction":[{"@type":"SearchAction","target":{"@type":"EntryPoint","urlTemplate":"https:\/\/digicardstool.eu\/de\/?s={search_term_string}"},"query-input":"required name=search_term_string"}],"inLanguage":"de-DE"},{"@type":"Organization","@id":"https:\/\/digicardstool.eu\/de\/#organization","name":"DigiCards Tool","url":"https:\/\/digicardstool.eu\/de\/","logo":{"@type":"ImageObject","inLanguage":"de-DE","@id":"https:\/\/digicardstool.eu\/de\/#\/schema\/logo\/image\/","url":"https:\/\/digicardstool.eu\/wp-content\/uploads\/2024\/02\/DigiCards-Logo_Logo-Farbe.png","contentUrl":"https:\/\/digicardstool.eu\/wp-content\/uploads\/2024\/02\/DigiCards-Logo_Logo-Farbe.png","width":3209,"height":1250,"caption":"DigiCards Tool"},"image":{"@id":"https:\/\/digicardstool.eu\/de\/#\/schema\/logo\/image\/"}}]}},"_links":{"self":[{"href":"https:\/\/digicardstool.eu\/de\/wp-json\/wp\/v2\/pages\/419"}],"collection":[{"href":"https:\/\/digicardstool.eu\/de\/wp-json\/wp\/v2\/pages"}],"about":[{"href":"https:\/\/digicardstool.eu\/de\/wp-json\/wp\/v2\/types\/page"}],"author":[{"embeddable":true,"href":"https:\/\/digicardstool.eu\/de\/wp-json\/wp\/v2\/users\/1"}],"replies":[{"embeddable":true,"href":"https:\/\/digicardstool.eu\/de\/wp-json\/wp\/v2\/comments?post=419"}],"version-history":[{"count":10,"href":"https:\/\/digicardstool.eu\/de\/wp-json\/wp\/v2\/pages\/419\/revisions"}],"predecessor-version":[{"id":562,"href":"https:\/\/digicardstool.eu\/de\/wp-json\/wp\/v2\/pages\/419\/revisions\/562"}],"wp:attachment":[{"href":"https:\/\/digicardstool.eu\/de\/wp-json\/wp\/v2\/media?parent=419"}],"curies":[{"name":"wp","href":"https:\/\/api.w.org\/{rel}","templated":true}]}}