{"id":414,"date":"2024-03-11T11:40:47","date_gmt":"2024-03-11T10:40:47","guid":{"rendered":"https:\/\/digicardstool.eu\/projekt\/"},"modified":"2024-03-12T15:30:35","modified_gmt":"2024-03-12T14:30:35","slug":"projekt","status":"publish","type":"page","link":"https:\/\/digicardstool.eu\/de\/projekt\/","title":{"rendered":"Projekt"},"content":{"rendered":"\t\t<div data-elementor-type=\"wp-page\" data-elementor-id=\"414\" class=\"elementor elementor-414 elementor-167\" data-elementor-post-type=\"page\">\n\t\t\t\t<div class=\"elementor-element elementor-element-e20460e e-flex e-con-boxed e-con e-parent\" data-id=\"e20460e\" data-element_type=\"container\">\n\t\t\t\t\t<div class=\"e-con-inner\">\n\t\t\t\t<div class=\"elementor-element elementor-element-7b6b8bc elementor-widget elementor-widget-heading\" data-id=\"7b6b8bc\" data-element_type=\"widget\" data-widget_type=\"heading.default\">\n\t\t\t\t<div class=\"elementor-widget-container\">\n\t\t\t<style>\/*! elementor - v3.23.0 - 05-08-2024 *\/\n.elementor-heading-title{padding:0;margin:0;line-height:1}.elementor-widget-heading .elementor-heading-title[class*=elementor-size-]>a{color:inherit;font-size:inherit;line-height:inherit}.elementor-widget-heading .elementor-heading-title.elementor-size-small{font-size:15px}.elementor-widget-heading .elementor-heading-title.elementor-size-medium{font-size:19px}.elementor-widget-heading .elementor-heading-title.elementor-size-large{font-size:29px}.elementor-widget-heading .elementor-heading-title.elementor-size-xl{font-size:39px}.elementor-widget-heading .elementor-heading-title.elementor-size-xxl{font-size:59px}<\/style><h1 class=\"elementor-heading-title elementor-size-default\">Projekt .<span style=\"color: #0095D4\">.<\/span><span style=\"color: #FFDB00\">.<\/span><\/h1>\t\t<\/div>\n\t\t\t\t<\/div>\n\t\t\t\t<div class=\"elementor-element elementor-element-0e23391 elementor-widget elementor-widget-text-editor\" data-id=\"0e23391\" data-element_type=\"widget\" data-widget_type=\"text-editor.default\">\n\t\t\t\t<div class=\"elementor-widget-container\">\n\t\t\t<style>\/*! elementor - v3.23.0 - 05-08-2024 *\/\n.elementor-widget-text-editor.elementor-drop-cap-view-stacked .elementor-drop-cap{background-color:#69727d;color:#fff}.elementor-widget-text-editor.elementor-drop-cap-view-framed .elementor-drop-cap{color:#69727d;border:3px solid;background-color:transparent}.elementor-widget-text-editor:not(.elementor-drop-cap-view-default) .elementor-drop-cap{margin-top:8px}.elementor-widget-text-editor:not(.elementor-drop-cap-view-default) .elementor-drop-cap-letter{width:1em;height:1em}.elementor-widget-text-editor .elementor-drop-cap{float:left;text-align:center;line-height:1;font-size:50px}.elementor-widget-text-editor .elementor-drop-cap-letter{display:inline-block}<\/style>\t\t\t\t<p>Wir glauben an eine Bildungs- und Berufsberatung, die mit der Nutzung von digitalen Tools ihren Klient:innen einen Beratungsprozess erm\u00f6glicht, welcher zukunftsf\u00e4hig, beziehungsorientiert und bedarfsgerecht ist.<\/p>\n\t\t\t\t\t\t<\/div>\n\t\t\t\t<\/div>\n\t\t\t\t<div class=\"elementor-element elementor-element-5aa9359 elementor-widget elementor-widget-text-editor\" data-id=\"5aa9359\" data-element_type=\"widget\" data-widget_type=\"text-editor.default\">\n\t\t\t\t<div class=\"elementor-widget-container\">\n\t\t\t\t\t\t\t<p>Berufsberatung steht mit der digitalen Transformation vor neuen Herausforderungen, insbesondere mit dem verst\u00e4rkten Einsatz von KI und neuen Technologien. Gleichzeitig lebt die Beratung von der Beziehungsarbeit zwischen Berater:in und Kund:in.  <\/p>\n\t\t\t\t\t\t<\/div>\n\t\t\t\t<\/div>\n\t\t\t\t<div class=\"elementor-element elementor-element-32acb32 elementor-widget elementor-widget-text-editor\" data-id=\"32acb32\" data-element_type=\"widget\" data-widget_type=\"text-editor.default\">\n\t\t\t\t<div class=\"elementor-widget-container\">\n\t\t\t\t\t\t\t<p>Mit <strong>DigiCards<\/strong> erm\u00f6glichen wir, dass eine zentrale Methode in der Bildungs- und Berufsberatung \u2013 die Arbeit mit Kompetenzkarten, digital evolutioniert wird. Mit der Entwicklung von digitalen Kompetenzkarten stellen wir ein Werkzeug zur Verf\u00fcgung, welches Bildungs- und Berufsberater:innen in ihrer t\u00e4glichen Arbeit mit ihren Kund:innen praxistauglich und einfach unterst\u00fctzt. <\/p>\n\t\t\t\t\t\t<\/div>\n\t\t\t\t<\/div>\n\t\t\t\t<div class=\"elementor-element elementor-element-64a2a5f elementor-widget elementor-widget-text-editor\" data-id=\"64a2a5f\" data-element_type=\"widget\" data-widget_type=\"text-editor.default\">\n\t\t\t\t<div class=\"elementor-widget-container\">\n\t\t\t\t\t\t\t<p>Qualitativ hochwertige Beratung, die digitale M\u00f6glichkeiten mit innovativen L\u00f6sung f\u00fcr eine wirksame Beziehungsarbeit verbindet.<\/p>\n\t\t\t\t\t\t<\/div>\n\t\t\t\t<\/div>\n\t\t\t\t<div class=\"elementor-element elementor-element-d7965a1 elementor-widget elementor-widget-heading\" data-id=\"d7965a1\" data-element_type=\"widget\" data-widget_type=\"heading.default\">\n\t\t\t\t<div class=\"elementor-widget-container\">\n\t\t\t<h2 class=\"elementor-heading-title elementor-size-default\">Unsere Projektziele <\/h2>\t\t<\/div>\n\t\t\t\t<\/div>\n\t\t\t\t\t<\/div>\n\t\t\t\t<\/div>\n\t\t<div class=\"elementor-element elementor-element-e46d0ea e-flex e-con-boxed e-con e-parent\" data-id=\"e46d0ea\" data-element_type=\"container\">\n\t\t\t\t\t<div class=\"e-con-inner\">\n\t\t<div class=\"elementor-element elementor-element-f3a93aa e-con-full container e-flex e-con e-child\" data-id=\"f3a93aa\" data-element_type=\"container\" data-settings=\"{&quot;background_background&quot;:&quot;classic&quot;}\">\n\t\t\t\t<div class=\"elementor-element elementor-element-6533fd8 bg-text-color elementor-widget elementor-widget-text-editor\" data-id=\"6533fd8\" data-element_type=\"widget\" data-widget_type=\"text-editor.default\">\n\t\t\t\t<div class=\"elementor-widget-container\">\n\t\t\t\t\t\t\t<p>01.<\/p>\n\t\t\t\t\t\t<\/div>\n\t\t\t\t<\/div>\n\t\t\t\t<div class=\"elementor-element elementor-element-27ae494 bg-text-color elementor-widget elementor-widget-text-editor\" data-id=\"27ae494\" data-element_type=\"widget\" data-widget_type=\"text-editor.default\">\n\t\t\t\t<div class=\"elementor-widget-container\">\n\t\t\t\t\t\t\t<p>Entwicklung einer benutzerfreundlichen und ma\u00df-geschneiderten Toolbox f\u00fcr digitale Kompetenzkarten, die f\u00fcr den Arbeitsmarkt, die soziale Inklusion und die pers\u00f6nliche Entwicklung relevant sind.<\/p>\n\t\t\t\t\t\t<\/div>\n\t\t\t\t<\/div>\n\t\t\t\t<\/div>\n\t\t<div class=\"elementor-element elementor-element-e7125cc e-con-full container e-flex e-con e-child\" data-id=\"e7125cc\" data-element_type=\"container\" data-settings=\"{&quot;background_background&quot;:&quot;classic&quot;}\">\n\t\t\t\t<div class=\"elementor-element elementor-element-84cbba6 bg-text-color elementor-widget elementor-widget-text-editor\" data-id=\"84cbba6\" data-element_type=\"widget\" data-widget_type=\"text-editor.default\">\n\t\t\t\t<div class=\"elementor-widget-container\">\n\t\t\t\t\t\t\t<p>02.<\/p>\n\t\t\t\t\t\t<\/div>\n\t\t\t\t<\/div>\n\t\t\t\t<div class=\"elementor-element elementor-element-c208094 bg-text-color elementor-widget elementor-widget-text-editor\" data-id=\"c208094\" data-element_type=\"widget\" data-widget_type=\"text-editor.default\">\n\t\t\t\t<div class=\"elementor-widget-container\">\n\t\t\t\t\t\t\t<p>Bildungs- und Berufsberater:innen mit DigiCards den Umgang mit digitalen Technologien und die Nutzung digitaler Methoden f\u00fcr die t\u00e4gliche Arbeitspraxis zu unterst\u00fctzen.<\/p>\n\t\t\t\t\t\t<\/div>\n\t\t\t\t<\/div>\n\t\t\t\t<\/div>\n\t\t\t\t\t<\/div>\n\t\t\t\t<\/div>\n\t\t<div class=\"elementor-element elementor-element-98ba613 e-flex e-con-boxed e-con e-parent\" data-id=\"98ba613\" data-element_type=\"container\">\n\t\t\t\t\t<div class=\"e-con-inner\">\n\t\t\t\t<div class=\"elementor-element elementor-element-68cfa1d elementor-widget elementor-widget-heading\" data-id=\"68cfa1d\" data-element_type=\"widget\" data-widget_type=\"heading.default\">\n\t\t\t\t<div class=\"elementor-widget-container\">\n\t\t\t<h2 class=\"elementor-heading-title elementor-size-default\">Unsere Projektergebnisse <\/h2>\t\t<\/div>\n\t\t\t\t<\/div>\n\t\t\t\t<div class=\"elementor-element elementor-element-dc0c508 elementor-pagination-type-bullets elementor-arrows-position-inside elementor-pagination-position-outside elementor-widget elementor-widget-n-carousel\" data-id=\"dc0c508\" data-element_type=\"widget\" data-settings=\"{&quot;carousel_items&quot;:[{&quot;slide_title&quot;:&quot;Slide #1&quot;,&quot;_id&quot;:&quot;fe9d769&quot;},{&quot;slide_title&quot;:&quot;Slide #1&quot;,&quot;_id&quot;:&quot;a680dd9&quot;},{&quot;slide_title&quot;:&quot;Slide #1&quot;,&quot;_id&quot;:&quot;316f98f&quot;}],&quot;slides_to_show&quot;:&quot;1&quot;,&quot;slides_to_show_tablet&quot;:&quot;1&quot;,&quot;slides_to_show_mobile&quot;:&quot;1&quot;,&quot;speed&quot;:500,&quot;arrows&quot;:&quot;yes&quot;,&quot;pagination&quot;:&quot;bullets&quot;,&quot;image_spacing_custom&quot;:{&quot;unit&quot;:&quot;px&quot;,&quot;size&quot;:10,&quot;sizes&quot;:[]},&quot;image_spacing_custom_tablet&quot;:{&quot;unit&quot;:&quot;px&quot;,&quot;size&quot;:&quot;&quot;,&quot;sizes&quot;:[]},&quot;image_spacing_custom_mobile&quot;:{&quot;unit&quot;:&quot;px&quot;,&quot;size&quot;:&quot;&quot;,&quot;sizes&quot;:[]}}\" data-widget_type=\"nested-carousel.default\">\n\t\t\t\t<div class=\"elementor-widget-container\">\n\t\t\t<link rel=\"stylesheet\" href=\"https:\/\/digicardstool.eu\/wp-content\/plugins\/elementor-pro\/assets\/css\/widget-nested-carousel.min.css?ver=1723635278\">\t\t<div class=\"e-n-carousel swiper\" dir=\"ltr\">\n\t\t\t<div class=\"swiper-wrapper\" aria-live=\"polite\">\n\t\t\t\t\t\t\t\t\t\t<div class=\"swiper-slide\" data-slide=\"1\" role=\"group\" aria-roledescription=\"slide\" aria-label=\"1 of 3\">\n\t\t\t\t\t\t\t<div class=\"elementor-element elementor-element-ad5878b e-flex e-con-boxed e-con e-child\" data-id=\"ad5878b\" data-element_type=\"container\" data-settings=\"{&quot;background_background&quot;:&quot;classic&quot;}\">\n\t\t\t\t\t<div class=\"e-con-inner\">\n\t\t\t\t<div class=\"elementor-element elementor-element-b5630e2 elementor-widget elementor-widget-text-editor\" data-id=\"b5630e2\" data-element_type=\"widget\" data-widget_type=\"text-editor.default\">\n\t\t\t\t<div class=\"elementor-widget-container\">\n\t\t\t\t\t\t\t<p>Die technische Entwicklung und Einf\u00fchrung des Instruments der digitalen Kompetenzkarten.<\/p>\n\t\t\t\t\t\t<\/div>\n\t\t\t\t<\/div>\n\t\t\t\t\t<\/div>\n\t\t\t\t<\/div>\n\t\t\t\t\t\t\t\t<\/div>\n\t\t\t\t\t\t\t\t\t\t\t<div class=\"swiper-slide\" data-slide=\"2\" role=\"group\" aria-roledescription=\"slide\" aria-label=\"2 of 3\">\n\t\t\t\t\t\t\t<div class=\"elementor-element elementor-element-5949e11 e-flex e-con-boxed e-con e-child\" data-id=\"5949e11\" data-element_type=\"container\" data-settings=\"{&quot;background_background&quot;:&quot;classic&quot;}\">\n\t\t\t\t\t<div class=\"e-con-inner\">\n\t\t\t\t<div class=\"elementor-element elementor-element-1410707 elementor-widget elementor-widget-text-editor\" data-id=\"1410707\" data-element_type=\"widget\" data-widget_type=\"text-editor.default\">\n\t\t\t\t<div class=\"elementor-widget-container\">\n\t\t\t\t\t\t\t<p>Die Erstellung eines DigiCards-Handbuchs, um den Bildungs- und Berufsberater:innen einen Leitfaden f\u00fcr die Nutzung des Tools an die Hand zu geben.<\/p>\n\t\t\t\t\t\t<\/div>\n\t\t\t\t<\/div>\n\t\t\t\t\t<\/div>\n\t\t\t\t<\/div>\n\t\t\t\t\t\t\t\t<\/div>\n\t\t\t\t\t\t\t\t\t\t\t<div class=\"swiper-slide\" data-slide=\"3\" role=\"group\" aria-roledescription=\"slide\" aria-label=\"3 of 3\">\n\t\t\t\t\t\t\t<div class=\"elementor-element elementor-element-9c3a6a1 e-flex e-con-boxed e-con e-child\" data-id=\"9c3a6a1\" data-element_type=\"container\" data-settings=\"{&quot;background_background&quot;:&quot;classic&quot;}\">\n\t\t\t\t\t<div class=\"e-con-inner\">\n\t\t\t\t<div class=\"elementor-element elementor-element-8f2c536 elementor-widget elementor-widget-text-editor\" data-id=\"8f2c536\" data-element_type=\"widget\" data-widget_type=\"text-editor.default\">\n\t\t\t\t<div class=\"elementor-widget-container\">\n\t\t\t\t\t\t\t<p>Die Organisation von Vernetzungsveranstaltungen, die den Austausch von bew\u00e4hrten Praktiken f\u00fcr den Einsatz digitaler Tools in der Beratung erleichtern.<\/p>\n\t\t\t\t\t\t<\/div>\n\t\t\t\t<\/div>\n\t\t\t\t\t<\/div>\n\t\t\t\t<\/div>\n\t\t\t\t\t\t\t\t<\/div>\n\t\t\t\t\t\t\t\t<\/div>\n\t\t<\/div>\n\t\t\t\t\t<div class=\"elementor-swiper-button elementor-swiper-button-prev\" role=\"button\" tabindex=\"0\">\n\t\t\t\t<svg aria-hidden=\"true\" class=\"e-font-icon-svg e-eicon-chevron-left\" viewBox=\"0 0 1000 1000\" xmlns=\"http:\/\/www.w3.org\/2000\/svg\"><path d=\"M646 125C629 125 613 133 604 142L308 442C296 454 292 471 292 487 292 504 296 521 308 533L604 854C617 867 629 875 646 875 663 875 679 871 692 858 704 846 713 829 713 812 713 796 708 779 692 767L438 487 692 225C700 217 708 204 708 187 708 171 704 154 692 142 675 129 663 125 646 125Z\"><\/path><\/svg>\t\t\t<\/div>\n\t\t\t<div class=\"elementor-swiper-button elementor-swiper-button-next\" role=\"button\" tabindex=\"0\">\n\t\t\t\t<svg aria-hidden=\"true\" class=\"e-font-icon-svg e-eicon-chevron-right\" viewBox=\"0 0 1000 1000\" xmlns=\"http:\/\/www.w3.org\/2000\/svg\"><path d=\"M696 533C708 521 713 504 713 487 713 471 708 454 696 446L400 146C388 133 375 125 354 125 338 125 325 129 313 142 300 154 292 171 292 187 292 204 296 221 308 233L563 492 304 771C292 783 288 800 288 817 288 833 296 850 308 863 321 871 338 875 354 875 371 875 388 867 400 854L696 533Z\"><\/path><\/svg>\t\t\t<\/div>\n\t\t\t\t\t<div class=\"swiper-pagination\"><\/div>\n\t\t\t\t<\/div>\n\t\t\t\t<\/div>\n\t\t\t\t\t<\/div>\n\t\t\t\t<\/div>\n\t\t<div class=\"elementor-element elementor-element-643a0eb e-flex e-con-boxed e-con e-parent\" data-id=\"643a0eb\" data-element_type=\"container\">\n\t\t\t\t\t<div class=\"e-con-inner\">\n\t\t\t\t<div class=\"elementor-element elementor-element-61b45c0 elementor-widget elementor-widget-text-editor\" data-id=\"61b45c0\" data-element_type=\"widget\" data-widget_type=\"text-editor.default\">\n\t\t\t\t<div class=\"elementor-widget-container\">\n\t\t\t\t\t\t\t<p><strong>DigiCards<\/strong> ist ein von der Europ\u00e4ischen Union ko-finanziertes Projekt im Rahmen von Erasmus+.<\/p>\n<p>Koordinierende Organisation: KARBON Consulting GmbH(\u00d6sterreich)<br \/>Partner: Lifelong Learning Platform (Belgien)<br \/>Projektzeitraum: 01.01.2024 \u2013 31.12.2024<br \/>Projektnummer: 2023-2-AT01-KA210-VET-0001758544<\/p>\n\t\t\t\t\t\t<\/div>\n\t\t\t\t<\/div>\n\t\t\t\t\t<\/div>\n\t\t\t\t<\/div>\n\t\t\t\t<\/div>\n\t\t","protected":false},"excerpt":{"rendered":"<p>Projekt &#8230; Wir glauben an eine Bildungs- und Berufsberatung, die mit der Nutzung von digitalen Tools ihren Klient:innen einen Beratungsprozess erm\u00f6glicht, welcher zukunftsf\u00e4hig, beziehungsorientiert und bedarfsgerecht ist. Berufsberatung steht mit der digitalen Transformation vor neuen Herausforderungen, insbesondere mit dem verst\u00e4rkten Einsatz von KI und neuen Technologien. Gleichzeitig lebt die Beratung von der Beziehungsarbeit zwischen Berater:in [&hellip;]<\/p>\n","protected":false},"author":1,"featured_media":0,"parent":0,"menu_order":0,"comment_status":"closed","ping_status":"closed","template":"","meta":{"footnotes":""},"class_list":["post-414","page","type-page","status-publish","hentry"],"yoast_head":"<!-- This site is optimized with the Yoast SEO plugin v23.2 - https:\/\/yoast.com\/wordpress\/plugins\/seo\/ -->\n<title>Projektbeschreibung von DigiCards - DigiCards Tool<\/title>\n<meta name=\"description\" content=\"Unser Projektziele: Entwicklung einer benutzerfreundlichen und ma\u00df-geschneiderten Toolbox f\u00fcr digitale Kompetenzkarten\" \/>\n<meta name=\"robots\" content=\"index, follow, max-snippet:-1, max-image-preview:large, max-video-preview:-1\" \/>\n<link rel=\"canonical\" href=\"https:\/\/digicardstool.eu\/de\/projekt\/\" \/>\n<meta property=\"og:locale\" content=\"de_DE\" \/>\n<meta property=\"og:type\" content=\"article\" \/>\n<meta property=\"og:title\" content=\"Projektbeschreibung von DigiCards - DigiCards Tool\" \/>\n<meta property=\"og:description\" content=\"Unser Projektziele: Entwicklung einer benutzerfreundlichen und ma\u00df-geschneiderten Toolbox f\u00fcr digitale Kompetenzkarten\" \/>\n<meta property=\"og:url\" content=\"https:\/\/digicardstool.eu\/de\/projekt\/\" \/>\n<meta property=\"og:site_name\" content=\"DigiCards Tool\" \/>\n<meta property=\"article:modified_time\" content=\"2024-03-12T14:30:35+00:00\" \/>\n<meta name=\"twitter:card\" content=\"summary_large_image\" \/>\n<meta name=\"twitter:label1\" content=\"Gesch\u00e4tzte Lesezeit\" \/>\n\t<meta name=\"twitter:data1\" content=\"2 Minuten\" \/>\n<script type=\"application\/ld+json\" class=\"yoast-schema-graph\">{\"@context\":\"https:\/\/schema.org\",\"@graph\":[{\"@type\":\"WebPage\",\"@id\":\"https:\/\/digicardstool.eu\/de\/projekt\/\",\"url\":\"https:\/\/digicardstool.eu\/de\/projekt\/\",\"name\":\"Projektbeschreibung von DigiCards - DigiCards Tool\",\"isPartOf\":{\"@id\":\"https:\/\/digicardstool.eu\/de\/#website\"},\"datePublished\":\"2024-03-11T10:40:47+00:00\",\"dateModified\":\"2024-03-12T14:30:35+00:00\",\"description\":\"Unser Projektziele: Entwicklung einer benutzerfreundlichen und ma\u00df-geschneiderten Toolbox f\u00fcr digitale Kompetenzkarten\",\"breadcrumb\":{\"@id\":\"https:\/\/digicardstool.eu\/de\/projekt\/#breadcrumb\"},\"inLanguage\":\"de-DE\",\"potentialAction\":[{\"@type\":\"ReadAction\",\"target\":[\"https:\/\/digicardstool.eu\/de\/projekt\/\"]}]},{\"@type\":\"BreadcrumbList\",\"@id\":\"https:\/\/digicardstool.eu\/de\/projekt\/#breadcrumb\",\"itemListElement\":[{\"@type\":\"ListItem\",\"position\":1,\"name\":\"Home\",\"item\":\"https:\/\/digicardstool.eu\/de\/\"},{\"@type\":\"ListItem\",\"position\":2,\"name\":\"Projekt\"}]},{\"@type\":\"WebSite\",\"@id\":\"https:\/\/digicardstool.eu\/de\/#website\",\"url\":\"https:\/\/digicardstool.eu\/de\/\",\"name\":\"DigiCards Tool\",\"description\":\"\",\"publisher\":{\"@id\":\"https:\/\/digicardstool.eu\/de\/#organization\"},\"potentialAction\":[{\"@type\":\"SearchAction\",\"target\":{\"@type\":\"EntryPoint\",\"urlTemplate\":\"https:\/\/digicardstool.eu\/de\/?s={search_term_string}\"},\"query-input\":\"required name=search_term_string\"}],\"inLanguage\":\"de-DE\"},{\"@type\":\"Organization\",\"@id\":\"https:\/\/digicardstool.eu\/de\/#organization\",\"name\":\"DigiCards Tool\",\"url\":\"https:\/\/digicardstool.eu\/de\/\",\"logo\":{\"@type\":\"ImageObject\",\"inLanguage\":\"de-DE\",\"@id\":\"https:\/\/digicardstool.eu\/de\/#\/schema\/logo\/image\/\",\"url\":\"https:\/\/digicardstool.eu\/wp-content\/uploads\/2024\/02\/DigiCards-Logo_Logo-Farbe.png\",\"contentUrl\":\"https:\/\/digicardstool.eu\/wp-content\/uploads\/2024\/02\/DigiCards-Logo_Logo-Farbe.png\",\"width\":3209,\"height\":1250,\"caption\":\"DigiCards Tool\"},\"image\":{\"@id\":\"https:\/\/digicardstool.eu\/de\/#\/schema\/logo\/image\/\"}}]}<\/script>\n<!-- \/ Yoast SEO plugin. -->","yoast_head_json":{"title":"Projektbeschreibung von DigiCards - DigiCards Tool","description":"Unser Projektziele: Entwicklung einer benutzerfreundlichen und ma\u00df-geschneiderten Toolbox f\u00fcr digitale Kompetenzkarten","robots":{"index":"index","follow":"follow","max-snippet":"max-snippet:-1","max-image-preview":"max-image-preview:large","max-video-preview":"max-video-preview:-1"},"canonical":"https:\/\/digicardstool.eu\/de\/projekt\/","og_locale":"de_DE","og_type":"article","og_title":"Projektbeschreibung von DigiCards - DigiCards Tool","og_description":"Unser Projektziele: Entwicklung einer benutzerfreundlichen und ma\u00df-geschneiderten Toolbox f\u00fcr digitale Kompetenzkarten","og_url":"https:\/\/digicardstool.eu\/de\/projekt\/","og_site_name":"DigiCards Tool","article_modified_time":"2024-03-12T14:30:35+00:00","twitter_card":"summary_large_image","twitter_misc":{"Gesch\u00e4tzte Lesezeit":"2 Minuten"},"schema":{"@context":"https:\/\/schema.org","@graph":[{"@type":"WebPage","@id":"https:\/\/digicardstool.eu\/de\/projekt\/","url":"https:\/\/digicardstool.eu\/de\/projekt\/","name":"Projektbeschreibung von DigiCards - DigiCards Tool","isPartOf":{"@id":"https:\/\/digicardstool.eu\/de\/#website"},"datePublished":"2024-03-11T10:40:47+00:00","dateModified":"2024-03-12T14:30:35+00:00","description":"Unser Projektziele: Entwicklung einer benutzerfreundlichen und ma\u00df-geschneiderten Toolbox f\u00fcr digitale Kompetenzkarten","breadcrumb":{"@id":"https:\/\/digicardstool.eu\/de\/projekt\/#breadcrumb"},"inLanguage":"de-DE","potentialAction":[{"@type":"ReadAction","target":["https:\/\/digicardstool.eu\/de\/projekt\/"]}]},{"@type":"BreadcrumbList","@id":"https:\/\/digicardstool.eu\/de\/projekt\/#breadcrumb","itemListElement":[{"@type":"ListItem","position":1,"name":"Home","item":"https:\/\/digicardstool.eu\/de\/"},{"@type":"ListItem","position":2,"name":"Projekt"}]},{"@type":"WebSite","@id":"https:\/\/digicardstool.eu\/de\/#website","url":"https:\/\/digicardstool.eu\/de\/","name":"DigiCards Tool","description":"","publisher":{"@id":"https:\/\/digicardstool.eu\/de\/#organization"},"potentialAction":[{"@type":"SearchAction","target":{"@type":"EntryPoint","urlTemplate":"https:\/\/digicardstool.eu\/de\/?s={search_term_string}"},"query-input":"required name=search_term_string"}],"inLanguage":"de-DE"},{"@type":"Organization","@id":"https:\/\/digicardstool.eu\/de\/#organization","name":"DigiCards Tool","url":"https:\/\/digicardstool.eu\/de\/","logo":{"@type":"ImageObject","inLanguage":"de-DE","@id":"https:\/\/digicardstool.eu\/de\/#\/schema\/logo\/image\/","url":"https:\/\/digicardstool.eu\/wp-content\/uploads\/2024\/02\/DigiCards-Logo_Logo-Farbe.png","contentUrl":"https:\/\/digicardstool.eu\/wp-content\/uploads\/2024\/02\/DigiCards-Logo_Logo-Farbe.png","width":3209,"height":1250,"caption":"DigiCards Tool"},"image":{"@id":"https:\/\/digicardstool.eu\/de\/#\/schema\/logo\/image\/"}}]}},"_links":{"self":[{"href":"https:\/\/digicardstool.eu\/de\/wp-json\/wp\/v2\/pages\/414"}],"collection":[{"href":"https:\/\/digicardstool.eu\/de\/wp-json\/wp\/v2\/pages"}],"about":[{"href":"https:\/\/digicardstool.eu\/de\/wp-json\/wp\/v2\/types\/page"}],"author":[{"embeddable":true,"href":"https:\/\/digicardstool.eu\/de\/wp-json\/wp\/v2\/users\/1"}],"replies":[{"embeddable":true,"href":"https:\/\/digicardstool.eu\/de\/wp-json\/wp\/v2\/comments?post=414"}],"version-history":[{"count":3,"href":"https:\/\/digicardstool.eu\/de\/wp-json\/wp\/v2\/pages\/414\/revisions"}],"predecessor-version":[{"id":417,"href":"https:\/\/digicardstool.eu\/de\/wp-json\/wp\/v2\/pages\/414\/revisions\/417"}],"wp:attachment":[{"href":"https:\/\/digicardstool.eu\/de\/wp-json\/wp\/v2\/media?parent=414"}],"curies":[{"name":"wp","href":"https:\/\/api.w.org\/{rel}","templated":true}]}}