{"id":231,"date":"2024-03-12T09:33:43","date_gmt":"2024-03-12T08:33:43","guid":{"rendered":"https:\/\/digicardstool.eu\/home\/"},"modified":"2024-07-25T10:35:48","modified_gmt":"2024-07-25T08:35:48","slug":"home","status":"publish","type":"page","link":"https:\/\/digicardstool.eu\/de\/","title":{"rendered":"Home"},"content":{"rendered":"\t\t<div data-elementor-type=\"wp-page\" data-elementor-id=\"231\" class=\"elementor elementor-231 elementor-229\" data-elementor-post-type=\"page\">\n\t\t\t\t<div class=\"elementor-element elementor-element-9eaaace e-flex e-con-boxed e-con e-parent\" data-id=\"9eaaace\" data-element_type=\"container\">\n\t\t\t\t\t<div class=\"e-con-inner\">\n\t\t<div class=\"elementor-element elementor-element-967d10b e-con-full e-flex e-con e-child\" data-id=\"967d10b\" data-element_type=\"container\">\n\t\t\t\t<div class=\"elementor-element elementor-element-91d1a07 elementor-pagination-type-bullets elementor-pagination-position-outside elementor-widget elementor-widget-n-carousel\" data-id=\"91d1a07\" data-element_type=\"widget\" data-settings=\"{&quot;carousel_items&quot;:[{&quot;slide_title&quot;:&quot;Slide #1&quot;,&quot;_id&quot;:&quot;430ba03&quot;},{&quot;slide_title&quot;:&quot;Slide #1&quot;,&quot;_id&quot;:&quot;0d93248&quot;},{&quot;slide_title&quot;:&quot;Slide #1&quot;,&quot;_id&quot;:&quot;cf71c9b&quot;}],&quot;slides_to_show&quot;:&quot;1&quot;,&quot;slides_to_show_tablet&quot;:&quot;1&quot;,&quot;slides_to_scroll&quot;:&quot;1&quot;,&quot;slides_to_scroll_tablet&quot;:&quot;1&quot;,&quot;image_spacing_custom_tablet&quot;:{&quot;unit&quot;:&quot;px&quot;,&quot;size&quot;:0,&quot;sizes&quot;:[]},&quot;slides_to_show_mobile&quot;:&quot;1&quot;,&quot;autoplay&quot;:&quot;yes&quot;,&quot;autoplay_speed&quot;:5000,&quot;pause_on_hover&quot;:&quot;yes&quot;,&quot;pause_on_interaction&quot;:&quot;yes&quot;,&quot;infinite&quot;:&quot;yes&quot;,&quot;speed&quot;:500,&quot;offset_sides&quot;:&quot;none&quot;,&quot;pagination&quot;:&quot;bullets&quot;,&quot;image_spacing_custom&quot;:{&quot;unit&quot;:&quot;px&quot;,&quot;size&quot;:10,&quot;sizes&quot;:[]},&quot;image_spacing_custom_mobile&quot;:{&quot;unit&quot;:&quot;px&quot;,&quot;size&quot;:&quot;&quot;,&quot;sizes&quot;:[]}}\" data-widget_type=\"nested-carousel.default\">\n\t\t\t\t<div class=\"elementor-widget-container\">\n\t\t\t<link rel=\"stylesheet\" href=\"https:\/\/digicardstool.eu\/wp-content\/plugins\/elementor-pro\/assets\/css\/widget-nested-carousel.min.css?ver=1723635278\">\t\t<div class=\"e-n-carousel swiper\" dir=\"ltr\">\n\t\t\t<div class=\"swiper-wrapper\" aria-live=\"off\">\n\t\t\t\t\t\t\t\t\t\t<div class=\"swiper-slide\" data-slide=\"1\" role=\"group\" aria-roledescription=\"slide\" aria-label=\"1 of 3\">\n\t\t\t\t\t\t\t<div class=\"elementor-element elementor-element-0c2306c e-flex e-con-boxed e-con e-child\" data-id=\"0c2306c\" data-element_type=\"container\">\n\t\t\t\t\t<div class=\"e-con-inner\">\n\t\t\t\t<div class=\"elementor-element elementor-element-430ddc5 elementor-hidden-tablet elementor-hidden-mobile elementor-widget elementor-widget-html\" data-id=\"430ddc5\" data-element_type=\"widget\" data-widget_type=\"html.default\">\n\t\t\t\t<div class=\"elementor-widget-container\">\n\t\t\t<script src=\"https:\/\/cdn.lordicon.com\/lordicon.js\"><\/script>\n<lord-icon src=\"https:\/\/cdn.lordicon.com\/hqymfzvj.json\" trigger=\"in\" delay=\"2000\" colors=\"primary:#1d3562\" style=\"width:75px;height:75px\">\n<\/lord-icon>\t\t<\/div>\n\t\t\t\t<\/div>\n\t\t\t\t<div class=\"elementor-element elementor-element-339b0aa elementor-widget elementor-widget-heading\" data-id=\"339b0aa\" data-element_type=\"widget\" data-widget_type=\"heading.default\">\n\t\t\t\t<div class=\"elementor-widget-container\">\n\t\t\t<style>\/*! elementor - v3.23.0 - 05-08-2024 *\/\n.elementor-heading-title{padding:0;margin:0;line-height:1}.elementor-widget-heading .elementor-heading-title[class*=elementor-size-]>a{color:inherit;font-size:inherit;line-height:inherit}.elementor-widget-heading .elementor-heading-title.elementor-size-small{font-size:15px}.elementor-widget-heading .elementor-heading-title.elementor-size-medium{font-size:19px}.elementor-widget-heading .elementor-heading-title.elementor-size-large{font-size:29px}.elementor-widget-heading .elementor-heading-title.elementor-size-xl{font-size:39px}.elementor-widget-heading .elementor-heading-title.elementor-size-xxl{font-size:59px}<\/style><h1 class=\"elementor-heading-title elementor-size-default\">Projekt <\/h1>\t\t<\/div>\n\t\t\t\t<\/div>\n\t\t\t\t<div class=\"elementor-element elementor-element-8172fae elementor-widget elementor-widget-text-editor\" data-id=\"8172fae\" data-element_type=\"widget\" data-widget_type=\"text-editor.default\">\n\t\t\t\t<div class=\"elementor-widget-container\">\n\t\t\t<style>\/*! elementor - v3.23.0 - 05-08-2024 *\/\n.elementor-widget-text-editor.elementor-drop-cap-view-stacked .elementor-drop-cap{background-color:#69727d;color:#fff}.elementor-widget-text-editor.elementor-drop-cap-view-framed .elementor-drop-cap{color:#69727d;border:3px solid;background-color:transparent}.elementor-widget-text-editor:not(.elementor-drop-cap-view-default) .elementor-drop-cap{margin-top:8px}.elementor-widget-text-editor:not(.elementor-drop-cap-view-default) .elementor-drop-cap-letter{width:1em;height:1em}.elementor-widget-text-editor .elementor-drop-cap{float:left;text-align:center;line-height:1;font-size:50px}.elementor-widget-text-editor .elementor-drop-cap-letter{display:inline-block}<\/style>\t\t\t\t<p>Wir glauben an eine Bildungs- und Berufsberatung, die mit der Nutzung von digitalen Tools ihren Klient:innen einen Beratungsprozess erm\u00f6glicht, welcher zukunftsf\u00e4hig, beziehungsorientiert und bedarfsgerecht ist.<\/p>\n\t\t\t\t\t\t<\/div>\n\t\t\t\t<\/div>\n\t\t\t\t<div class=\"elementor-element elementor-element-a603f0e elementor-widget elementor-widget-button\" data-id=\"a603f0e\" data-element_type=\"widget\" data-widget_type=\"button.default\">\n\t\t\t\t<div class=\"elementor-widget-container\">\n\t\t\t\t\t<div class=\"elementor-button-wrapper\">\n\t\t\t<a class=\"elementor-button elementor-button-link elementor-size-sm\" href=\"https:\/\/digicardstool.eu\/de\/projekt\/\">\n\t\t\t\t\t\t<span class=\"elementor-button-content-wrapper\">\n\t\t\t\t\t\t\t\t\t<span class=\"elementor-button-text\">Projektbeschreibung <\/span>\n\t\t\t\t\t<\/span>\n\t\t\t\t\t<\/a>\n\t\t<\/div>\n\t\t\t\t<\/div>\n\t\t\t\t<\/div>\n\t\t\t\t\t<\/div>\n\t\t\t\t<\/div>\n\t\t\t\t\t\t\t\t<\/div>\n\t\t\t\t\t\t\t\t\t\t\t<div class=\"swiper-slide\" data-slide=\"2\" role=\"group\" aria-roledescription=\"slide\" aria-label=\"2 of 3\">\n\t\t\t\t\t\t\t<div class=\"elementor-element elementor-element-690a310 e-flex e-con-boxed e-con e-child\" data-id=\"690a310\" data-element_type=\"container\">\n\t\t\t\t\t<div class=\"e-con-inner\">\n\t\t\t\t<div class=\"elementor-element elementor-element-da21a6a elementor-hidden-tablet elementor-hidden-mobile elementor-widget elementor-widget-html\" data-id=\"da21a6a\" data-element_type=\"widget\" data-widget_type=\"html.default\">\n\t\t\t\t<div class=\"elementor-widget-container\">\n\t\t\t<script src=\"https:\/\/cdn.lordicon.com\/lordicon.js\"><\/script>\n<lord-icon src=\"https:\/\/cdn.lordicon.com\/ivugxnop.json\" trigger=\"in\" delay=\"2000\" colors=\"primary:#1d3562\" style=\"width:75px;height:75px\">\n<\/lord-icon>\t\t<\/div>\n\t\t\t\t<\/div>\n\t\t\t\t<div class=\"elementor-element elementor-element-7b09899 elementor-widget elementor-widget-heading\" data-id=\"7b09899\" data-element_type=\"widget\" data-widget_type=\"heading.default\">\n\t\t\t\t<div class=\"elementor-widget-container\">\n\t\t\t<h1 class=\"elementor-heading-title elementor-size-default\">Projektpartner<\/h1>\t\t<\/div>\n\t\t\t\t<\/div>\n\t\t\t\t<div class=\"elementor-element elementor-element-57e627e elementor-widget elementor-widget-text-editor\" data-id=\"57e627e\" data-element_type=\"widget\" data-widget_type=\"text-editor.default\">\n\t\t\t\t<div class=\"elementor-widget-container\">\n\t\t\t\t\t\t\t<p>Bei DigiCards kombinieren wir in unserer Partnerschaft zentrale Elemente f\u00fcr eine erfolgreiche Projektumsetzung. <\/p>\n\t\t\t\t\t\t<\/div>\n\t\t\t\t<\/div>\n\t\t\t\t<div class=\"elementor-element elementor-element-4427a4d elementor-widget elementor-widget-button\" data-id=\"4427a4d\" data-element_type=\"widget\" data-widget_type=\"button.default\">\n\t\t\t\t<div class=\"elementor-widget-container\">\n\t\t\t\t\t<div class=\"elementor-button-wrapper\">\n\t\t\t<a class=\"elementor-button elementor-button-link elementor-size-sm\" href=\"https:\/\/digicardstool.eu\/de\/partner\/\">\n\t\t\t\t\t\t<span class=\"elementor-button-content-wrapper\">\n\t\t\t\t\t\t\t\t\t<span class=\"elementor-button-text\">Projektpartner<\/span>\n\t\t\t\t\t<\/span>\n\t\t\t\t\t<\/a>\n\t\t<\/div>\n\t\t\t\t<\/div>\n\t\t\t\t<\/div>\n\t\t\t\t\t<\/div>\n\t\t\t\t<\/div>\n\t\t\t\t\t\t\t\t<\/div>\n\t\t\t\t\t\t\t\t\t\t\t<div class=\"swiper-slide\" data-slide=\"3\" role=\"group\" aria-roledescription=\"slide\" aria-label=\"3 of 3\">\n\t\t\t\t\t\t\t<div class=\"elementor-element elementor-element-3a9f108 e-flex e-con-boxed e-con e-child\" data-id=\"3a9f108\" data-element_type=\"container\">\n\t\t\t\t\t<div class=\"e-con-inner\">\n\t\t\t\t<div class=\"elementor-element elementor-element-3f86716 elementor-hidden-tablet elementor-hidden-mobile elementor-widget elementor-widget-html\" data-id=\"3f86716\" data-element_type=\"widget\" data-widget_type=\"html.default\">\n\t\t\t\t<div class=\"elementor-widget-container\">\n\t\t\t<script src=\"https:\/\/cdn.lordicon.com\/lordicon.js\"><\/script>\n<lord-icon src=\"https:\/\/cdn.lordicon.com\/vdjwmfqs.json\" trigger=\"in\" delay=\"2000\" colors=\"primary:#1d3562\" style=\"width:75px;height:75px\">\n<\/lord-icon>\t\t<\/div>\n\t\t\t\t<\/div>\n\t\t\t\t<div class=\"elementor-element elementor-element-f4eeb7e elementor-widget elementor-widget-heading\" data-id=\"f4eeb7e\" data-element_type=\"widget\" data-widget_type=\"heading.default\">\n\t\t\t\t<div class=\"elementor-widget-container\">\n\t\t\t<h1 class=\"elementor-heading-title elementor-size-default\">Aktivit\u00e4ten<\/h1>\t\t<\/div>\n\t\t\t\t<\/div>\n\t\t\t\t<div class=\"elementor-element elementor-element-087b378 elementor-widget elementor-widget-text-editor\" data-id=\"087b378\" data-element_type=\"widget\" data-widget_type=\"text-editor.default\">\n\t\t\t\t<div class=\"elementor-widget-container\">\n\t\t\t\t\t\t\t<p>Entwicklung digitaler Kompetenzkarten f\u00fcr Bildungs- und Berufsberatung, das DigiCards Kompetenzhandbuch sowie Netzwerk- und DigiCards Veranstaltungen.<\/p>\n\t\t\t\t\t\t<\/div>\n\t\t\t\t<\/div>\n\t\t\t\t<div class=\"elementor-element elementor-element-3604539 elementor-widget elementor-widget-button\" data-id=\"3604539\" data-element_type=\"widget\" data-widget_type=\"button.default\">\n\t\t\t\t<div class=\"elementor-widget-container\">\n\t\t\t\t\t<div class=\"elementor-button-wrapper\">\n\t\t\t<a class=\"elementor-button elementor-button-link elementor-size-sm\" href=\"https:\/\/digicardstool.eu\/de\/aktivitaeten\/\">\n\t\t\t\t\t\t<span class=\"elementor-button-content-wrapper\">\n\t\t\t\t\t\t\t\t\t<span class=\"elementor-button-text\">Aktivit\u00e4ten<\/span>\n\t\t\t\t\t<\/span>\n\t\t\t\t\t<\/a>\n\t\t<\/div>\n\t\t\t\t<\/div>\n\t\t\t\t<\/div>\n\t\t\t\t\t<\/div>\n\t\t\t\t<\/div>\n\t\t\t\t\t\t\t\t<\/div>\n\t\t\t\t\t\t\t\t<\/div>\n\t\t<\/div>\n\t\t\t\t\t<div class=\"swiper-pagination\"><\/div>\n\t\t\t\t<\/div>\n\t\t\t\t<\/div>\n\t\t\t\t<\/div>\n\t\t<div class=\"elementor-element elementor-element-a4adb35 e-con-full e-flex e-con e-child\" data-id=\"a4adb35\" data-element_type=\"container\">\n\t\t\t\t<div class=\"elementor-element elementor-element-318dc45 elementor-widget elementor-widget-image\" data-id=\"318dc45\" data-element_type=\"widget\" data-widget_type=\"image.default\">\n\t\t\t\t<div class=\"elementor-widget-container\">\n\t\t\t<style>\/*! elementor - v3.23.0 - 05-08-2024 *\/\n.elementor-widget-image{text-align:center}.elementor-widget-image a{display:inline-block}.elementor-widget-image a img[src$=\".svg\"]{width:48px}.elementor-widget-image img{vertical-align:middle;display:inline-block}<\/style>\t\t\t\t\t\t\t\t\t\t<img fetchpriority=\"high\" decoding=\"async\" width=\"800\" height=\"852\" src=\"https:\/\/digicardstool.eu\/wp-content\/uploads\/2024\/03\/DigiCards_Tool_Img-961x1024.png\" class=\"attachment-large size-large wp-image-354\" alt=\"\" srcset=\"https:\/\/digicardstool.eu\/wp-content\/uploads\/2024\/03\/DigiCards_Tool_Img-961x1024.png 961w, https:\/\/digicardstool.eu\/wp-content\/uploads\/2024\/03\/DigiCards_Tool_Img-282x300.png 282w, https:\/\/digicardstool.eu\/wp-content\/uploads\/2024\/03\/DigiCards_Tool_Img-768x818.png 768w, https:\/\/digicardstool.eu\/wp-content\/uploads\/2024\/03\/DigiCards_Tool_Img.png 1072w\" sizes=\"(max-width: 800px) 100vw, 800px\" \/>\t\t\t\t\t\t\t\t\t\t\t\t\t<\/div>\n\t\t\t\t<\/div>\n\t\t\t\t<\/div>\n\t\t\t\t\t<\/div>\n\t\t\t\t<\/div>\n\t\t\t\t<\/div>\n\t\t","protected":false},"excerpt":{"rendered":"<p>Projekt Wir glauben an eine Bildungs- und Berufsberatung, die mit der Nutzung von digitalen Tools ihren Klient:innen einen Beratungsprozess erm\u00f6glicht, welcher zukunftsf\u00e4hig, beziehungsorientiert und bedarfsgerecht ist. Projektbeschreibung Projektpartner Bei DigiCards kombinieren wir in unserer Partnerschaft zentrale Elemente f\u00fcr eine erfolgreiche Projektumsetzung. Projektpartner Aktivit\u00e4ten Entwicklung digitaler Kompetenzkarten f\u00fcr Bildungs- und Berufsberatung, das DigiCards Kompetenzhandbuch sowie Netzwerk- [&hellip;]<\/p>\n","protected":false},"author":1,"featured_media":0,"parent":0,"menu_order":0,"comment_status":"closed","ping_status":"closed","template":"","meta":{"footnotes":""},"class_list":["post-231","page","type-page","status-publish","hentry"],"yoast_head":"<!-- This site is optimized with the Yoast SEO plugin v23.2 - https:\/\/yoast.com\/wordpress\/plugins\/seo\/ -->\n<title>Digitale Kompetenzkarten - DigiCards Tool<\/title>\n<meta name=\"description\" content=\"Wir erm\u00f6glichen eine zentrale Methode, die Arbeit mit Kompetenzkarten, digital evolutioniert wird.\" \/>\n<meta name=\"robots\" content=\"index, follow, max-snippet:-1, max-image-preview:large, max-video-preview:-1\" \/>\n<link rel=\"canonical\" href=\"https:\/\/digicardstool.eu\/de\/\" \/>\n<meta property=\"og:locale\" content=\"de_DE\" \/>\n<meta property=\"og:type\" content=\"article\" \/>\n<meta property=\"og:title\" content=\"Digitale Kompetenzkarten - DigiCards Tool\" \/>\n<meta property=\"og:description\" content=\"Wir erm\u00f6glichen eine zentrale Methode, die Arbeit mit Kompetenzkarten, digital evolutioniert wird.\" \/>\n<meta property=\"og:url\" content=\"https:\/\/digicardstool.eu\/de\/\" \/>\n<meta property=\"og:site_name\" content=\"DigiCards Tool\" \/>\n<meta property=\"article:modified_time\" content=\"2024-07-25T08:35:48+00:00\" \/>\n<meta property=\"og:image\" content=\"https:\/\/digicardstool.eu\/wp-content\/uploads\/2024\/03\/DigiCards_Tool_Img-961x1024.png\" \/>\n<meta name=\"twitter:card\" content=\"summary_large_image\" \/>\n<meta name=\"twitter:label1\" content=\"Gesch\u00e4tzte Lesezeit\" \/>\n\t<meta name=\"twitter:data1\" content=\"2 Minuten\" \/>\n<script type=\"application\/ld+json\" class=\"yoast-schema-graph\">{\"@context\":\"https:\/\/schema.org\",\"@graph\":[{\"@type\":\"WebPage\",\"@id\":\"https:\/\/digicardstool.eu\/de\/\",\"url\":\"https:\/\/digicardstool.eu\/de\/\",\"name\":\"Digitale Kompetenzkarten - DigiCards Tool\",\"isPartOf\":{\"@id\":\"https:\/\/digicardstool.eu\/de\/#website\"},\"primaryImageOfPage\":{\"@id\":\"https:\/\/digicardstool.eu\/de\/#primaryimage\"},\"image\":{\"@id\":\"https:\/\/digicardstool.eu\/de\/#primaryimage\"},\"thumbnailUrl\":\"https:\/\/digicardstool.eu\/wp-content\/uploads\/2024\/03\/DigiCards_Tool_Img-961x1024.png\",\"datePublished\":\"2024-03-12T08:33:43+00:00\",\"dateModified\":\"2024-07-25T08:35:48+00:00\",\"description\":\"Wir erm\u00f6glichen eine zentrale Methode, die Arbeit mit Kompetenzkarten, digital evolutioniert wird.\",\"breadcrumb\":{\"@id\":\"https:\/\/digicardstool.eu\/de\/#breadcrumb\"},\"inLanguage\":\"de-DE\",\"potentialAction\":[{\"@type\":\"ReadAction\",\"target\":[\"https:\/\/digicardstool.eu\/de\/\"]}]},{\"@type\":\"ImageObject\",\"inLanguage\":\"de-DE\",\"@id\":\"https:\/\/digicardstool.eu\/de\/#primaryimage\",\"url\":\"https:\/\/digicardstool.eu\/wp-content\/uploads\/2024\/03\/DigiCards_Tool_Img-961x1024.png\",\"contentUrl\":\"https:\/\/digicardstool.eu\/wp-content\/uploads\/2024\/03\/DigiCards_Tool_Img-961x1024.png\"},{\"@type\":\"BreadcrumbList\",\"@id\":\"https:\/\/digicardstool.eu\/de\/#breadcrumb\",\"itemListElement\":[{\"@type\":\"ListItem\",\"position\":1,\"name\":\"Home\",\"item\":\"https:\/\/digicardstool.eu\/de\/\"},{\"@type\":\"ListItem\",\"position\":2,\"name\":\"Home\"}]},{\"@type\":\"WebSite\",\"@id\":\"https:\/\/digicardstool.eu\/de\/#website\",\"url\":\"https:\/\/digicardstool.eu\/de\/\",\"name\":\"DigiCards Tool\",\"description\":\"\",\"publisher\":{\"@id\":\"https:\/\/digicardstool.eu\/de\/#organization\"},\"potentialAction\":[{\"@type\":\"SearchAction\",\"target\":{\"@type\":\"EntryPoint\",\"urlTemplate\":\"https:\/\/digicardstool.eu\/de\/?s={search_term_string}\"},\"query-input\":\"required name=search_term_string\"}],\"inLanguage\":\"de-DE\"},{\"@type\":\"Organization\",\"@id\":\"https:\/\/digicardstool.eu\/de\/#organization\",\"name\":\"DigiCards Tool\",\"url\":\"https:\/\/digicardstool.eu\/de\/\",\"logo\":{\"@type\":\"ImageObject\",\"inLanguage\":\"de-DE\",\"@id\":\"https:\/\/digicardstool.eu\/de\/#\/schema\/logo\/image\/\",\"url\":\"https:\/\/digicardstool.eu\/wp-content\/uploads\/2024\/02\/DigiCards-Logo_Logo-Farbe.png\",\"contentUrl\":\"https:\/\/digicardstool.eu\/wp-content\/uploads\/2024\/02\/DigiCards-Logo_Logo-Farbe.png\",\"width\":3209,\"height\":1250,\"caption\":\"DigiCards Tool\"},\"image\":{\"@id\":\"https:\/\/digicardstool.eu\/de\/#\/schema\/logo\/image\/\"}}]}<\/script>\n<!-- \/ Yoast SEO plugin. -->","yoast_head_json":{"title":"Digitale Kompetenzkarten - DigiCards Tool","description":"Wir erm\u00f6glichen eine zentrale Methode, die Arbeit mit Kompetenzkarten, digital evolutioniert wird.","robots":{"index":"index","follow":"follow","max-snippet":"max-snippet:-1","max-image-preview":"max-image-preview:large","max-video-preview":"max-video-preview:-1"},"canonical":"https:\/\/digicardstool.eu\/de\/","og_locale":"de_DE","og_type":"article","og_title":"Digitale Kompetenzkarten - DigiCards Tool","og_description":"Wir erm\u00f6glichen eine zentrale Methode, die Arbeit mit Kompetenzkarten, digital evolutioniert wird.","og_url":"https:\/\/digicardstool.eu\/de\/","og_site_name":"DigiCards Tool","article_modified_time":"2024-07-25T08:35:48+00:00","og_image":[{"url":"https:\/\/digicardstool.eu\/wp-content\/uploads\/2024\/03\/DigiCards_Tool_Img-961x1024.png"}],"twitter_card":"summary_large_image","twitter_misc":{"Gesch\u00e4tzte Lesezeit":"2 Minuten"},"schema":{"@context":"https:\/\/schema.org","@graph":[{"@type":"WebPage","@id":"https:\/\/digicardstool.eu\/de\/","url":"https:\/\/digicardstool.eu\/de\/","name":"Digitale Kompetenzkarten - DigiCards Tool","isPartOf":{"@id":"https:\/\/digicardstool.eu\/de\/#website"},"primaryImageOfPage":{"@id":"https:\/\/digicardstool.eu\/de\/#primaryimage"},"image":{"@id":"https:\/\/digicardstool.eu\/de\/#primaryimage"},"thumbnailUrl":"https:\/\/digicardstool.eu\/wp-content\/uploads\/2024\/03\/DigiCards_Tool_Img-961x1024.png","datePublished":"2024-03-12T08:33:43+00:00","dateModified":"2024-07-25T08:35:48+00:00","description":"Wir erm\u00f6glichen eine zentrale Methode, die Arbeit mit Kompetenzkarten, digital evolutioniert wird.","breadcrumb":{"@id":"https:\/\/digicardstool.eu\/de\/#breadcrumb"},"inLanguage":"de-DE","potentialAction":[{"@type":"ReadAction","target":["https:\/\/digicardstool.eu\/de\/"]}]},{"@type":"ImageObject","inLanguage":"de-DE","@id":"https:\/\/digicardstool.eu\/de\/#primaryimage","url":"https:\/\/digicardstool.eu\/wp-content\/uploads\/2024\/03\/DigiCards_Tool_Img-961x1024.png","contentUrl":"https:\/\/digicardstool.eu\/wp-content\/uploads\/2024\/03\/DigiCards_Tool_Img-961x1024.png"},{"@type":"BreadcrumbList","@id":"https:\/\/digicardstool.eu\/de\/#breadcrumb","itemListElement":[{"@type":"ListItem","position":1,"name":"Home","item":"https:\/\/digicardstool.eu\/de\/"},{"@type":"ListItem","position":2,"name":"Home"}]},{"@type":"WebSite","@id":"https:\/\/digicardstool.eu\/de\/#website","url":"https:\/\/digicardstool.eu\/de\/","name":"DigiCards Tool","description":"","publisher":{"@id":"https:\/\/digicardstool.eu\/de\/#organization"},"potentialAction":[{"@type":"SearchAction","target":{"@type":"EntryPoint","urlTemplate":"https:\/\/digicardstool.eu\/de\/?s={search_term_string}"},"query-input":"required name=search_term_string"}],"inLanguage":"de-DE"},{"@type":"Organization","@id":"https:\/\/digicardstool.eu\/de\/#organization","name":"DigiCards Tool","url":"https:\/\/digicardstool.eu\/de\/","logo":{"@type":"ImageObject","inLanguage":"de-DE","@id":"https:\/\/digicardstool.eu\/de\/#\/schema\/logo\/image\/","url":"https:\/\/digicardstool.eu\/wp-content\/uploads\/2024\/02\/DigiCards-Logo_Logo-Farbe.png","contentUrl":"https:\/\/digicardstool.eu\/wp-content\/uploads\/2024\/02\/DigiCards-Logo_Logo-Farbe.png","width":3209,"height":1250,"caption":"DigiCards Tool"},"image":{"@id":"https:\/\/digicardstool.eu\/de\/#\/schema\/logo\/image\/"}}]}},"_links":{"self":[{"href":"https:\/\/digicardstool.eu\/de\/wp-json\/wp\/v2\/pages\/231"}],"collection":[{"href":"https:\/\/digicardstool.eu\/de\/wp-json\/wp\/v2\/pages"}],"about":[{"href":"https:\/\/digicardstool.eu\/de\/wp-json\/wp\/v2\/types\/page"}],"author":[{"embeddable":true,"href":"https:\/\/digicardstool.eu\/de\/wp-json\/wp\/v2\/users\/1"}],"replies":[{"embeddable":true,"href":"https:\/\/digicardstool.eu\/de\/wp-json\/wp\/v2\/comments?post=231"}],"version-history":[{"count":9,"href":"https:\/\/digicardstool.eu\/de\/wp-json\/wp\/v2\/pages\/231\/revisions"}],"predecessor-version":[{"id":614,"href":"https:\/\/digicardstool.eu\/de\/wp-json\/wp\/v2\/pages\/231\/revisions\/614"}],"wp:attachment":[{"href":"https:\/\/digicardstool.eu\/de\/wp-json\/wp\/v2\/media?parent=231"}],"curies":[{"name":"wp","href":"https:\/\/api.w.org\/{rel}","templated":true}]}}